{"id":1031,"date":"2025-04-01T19:00:14","date_gmt":"2025-04-01T19:00:14","guid":{"rendered":"https:\/\/paveab.se\/?page_id=1031"},"modified":"2026-04-07T02:13:32","modified_gmt":"2026-04-07T02:13:32","slug":"abene","status":"publish","type":"page","link":"https:\/\/paveab.se\/en\/abene\/","title":{"rendered":"Abene"},"content":{"rendered":"<div class=\"brz brz-root__container brz-reset-all brz-root__container-page\">\n<section id=\"80ebc264e325f5708675_v0atTUfCWCsp\" class=\"brz-section brz-css-139oepw brz-css-1kwjzt5\">\n<div class=\"brz-section__content brz-section--boxed brz-css-5wx75 brz-css-1btn2hj\" data-brz-custom-id=\"jS0dS7OCcHVK\">\n<div class=\"brz-bg\">\n<div class=\"brz-bg-image\"><\/div>\n<div class=\"brz-bg-color\"><\/div>\n<div class=\"brz-bg-shape brz-bg-shape__top\"><\/div>\n<\/div>\n<div class=\"brz-container brz-css-1qj3v3q brz-css-1745t6e\">\n<div class=\"brz-row__container brz-css-j2v1kn brz-css-lvswks\" data-brz-custom-id=\"hdSvrkdbUvnx\">\n<div class=\"brz-bg\">\n<div class=\"brz-bg-color\"><\/div>\n<\/div>\n<div class=\"brz-row brz-css-xf0nu9 brz-css-v00w86\">\n<div class=\"brz-columns brz-css-1gtv986 brz-css-1r4jp2w\" data-brz-custom-id=\"pXbeEIdQsPHt\">\n<div class=\"brz-column__items brz-css-15uhpol brz-css-gf72zx\">\n<div id=\"\" class=\"brz-css-19u0ubs brz-css-119yftf brz-wrapper\">\n<div class=\"brz-rich-text brz-rich-text__custom brz-css-vbixqm brz-css-hdpb6q\" data-brz-custom-id=\"uy4uWwPbvRwt\">\n<div data-brz-translate-text=\"1\">\n<h1 class=\"brz-tp-lg-heading3 brz-css-wyXTp\" data-generated-css=\"brz-css-xeK8T\" data-uniq-id=\"pjWUK\"><strong class=\"brz-cp-color2\">We at PAVE Industriservice AB have now acquired Abene<\/strong><\/h1>\n<\/div>\n<\/div>\n<\/div>\n<div id=\"\" class=\"brz-css-19u0ubs brz-css-1quktsv brz-wrapper\">\n<div class=\"brz-rich-text brz-rich-text__custom brz-css-vbixqm brz-css-up282n\" data-brz-custom-id=\"pI5_bRcFJhTW\">\n<div data-brz-translate-text=\"1\">\n<p class=\"brz-mb-lg-30 brz-fsft-lg-0 brz-fwdth-lg-100 brz-vfw-lg-400 brz-lh-lg-1_9 brz-ls-lg-0 brz-fw-lg-500 brz-fss-lg-px brz-fs-lg-16 brz-ft-google brz-ff-epilogue brz-tp-lg-empty brz-css-ctea8\" data-uniq-id=\"mUUg4\" data-generated-css=\"brz-css-h37SK\"><span class=\"brz-cp-color2\">Abenes Reservdelar, service, maskiner och support&nbsp;kommer forts\u00e4ttningsvis administreras enbart fr\u00e5n oss i K\u00f6ping.&nbsp;Beh\u00f6ver ni Abene reservdelar eller kanske g\u00e5r du i tankarna f\u00f6r en ny Abene maskin? Kontakta oss p\u00e5 PAVE Industriservice s\u00e5 hj\u00e4lper vi dig.<\/span><\/p>\n<\/div>\n<\/div>\n<\/div>\n<div class=\"brz-wrapper-clone brz-flex-xs-wrap brz-css-1vsorwy brz-css-1i9mf3t\" data-brz-custom-id=\"lOPnmpZbAqcu\"><a class=\"brz-a brz-btn brz-css-1y0amyo brz-css-16x79vm brz-css-c9gpoc brz-css-1rirl25\" href=\"https:\/\/paveab.se\/en\/kontakta-oss\/\" target=\"_self\" rel=\"noopener\" data-brz-link-type=\"external\" data-brz-custom-id=\"l6o5smuT7yXL\"><span data-brz-translate-text=\"1\" class=\"brz-span brz-text__editor\">Contact us<\/span><\/a><\/div>\n<\/div>\n<\/div>\n<\/div>\n<\/div>\n<div class=\"brz-row__container brz-css-j2v1kn brz-css-l1b2k\" data-brz-custom-id=\"uvQzlSpin83t\">\n<div class=\"brz-bg\">\n<div class=\"brz-bg-color\"><\/div>\n<\/div>\n<div class=\"brz-row brz-css-xf0nu9 brz-css-19xjh53\">\n<div class=\"brz-columns brz-css-1gtv986 brz-css-1kny7kq\" data-brz-custom-id=\"rIbFFQFSwAyb\">\n<div class=\"brz-column__items brz-css-15uhpol brz-css-1u09kru\">\n<div id=\"\" class=\"brz-css-19u0ubs brz-css-1ru8uvv brz-wrapper\">\n<div class=\"brz-image brz-css-3jy9sr brz-css-f9874a\" data-brz-custom-id=\"w8P5G6gNNUVQ\"><img decoding=\"async\" class=\"brz-img\" src=\"https:\/\/paveab.se\/wp-content\/uploads\/brizy\/imgs\/ABENE-logga-175x126x0x0x175x126x1743533034.jpeg\" alt=\"\" title=\"ABENE logga\" loading=\"lazy\"><\/div>\n<\/div>\n<\/div>\n<\/div>\n<div class=\"brz-columns brz-css-1gtv986 brz-css-133pi8u\" data-brz-custom-id=\"fNQDFygUqbpi\">\n<div class=\"brz-column__items brz-css-15uhpol brz-css-i40iky\">\n<div id=\"\" class=\"brz-css-19u0ubs brz-css-iwlds8 brz-wrapper\">\n<div class=\"brz-rich-text brz-rich-text__custom brz-css-vbixqm brz-css-yqybk7\" data-brz-custom-id=\"qaKEFcaaTV2z\">\n<div data-brz-translate-text=\"1\">\n<h2 class=\"brz-tp-lg-heading4 brz-css-f5y_V\" data-generated-css=\"brz-css-nwFqT\" data-uniq-id=\"fJHWF\"><span class=\"brz-cp-color2\">About Abene<\/span><\/h2>\n<\/div>\n<\/div>\n<\/div>\n<div id=\"\" class=\"brz-css-19u0ubs brz-css-2o3fg2 brz-wrapper\">\n<div class=\"brz-rich-text brz-rich-text__custom brz-css-vbixqm brz-css-149gyy3\" data-brz-custom-id=\"aWLIUDEKXQ9K\">\n<div data-brz-translate-text=\"1\">\n<p class=\"brz-fsft-lg-0 brz-fwdth-lg-100 brz-vfw-lg-400 brz-lh-lg-1_9 brz-ls-lg-0 brz-fw-lg-500 brz-fss-lg-px brz-fs-lg-16 brz-ft-google brz-ff-epilogue brz-tp-lg-empty brz-css-t1pn6\" data-uniq-id=\"zalJD\" data-generated-css=\"brz-css-xAnuQ\"><span class=\"brz-cp-color2\">ABENE was founded in 1938 under the name AB E N Eklund\u2019s Mechanical Workshop, by founder and owner Ellas Napoleon Eklund. In 1942, series production of ABENE milling machines began, with 54 machines produced in the first year.<\/span><\/p>\n<p class=\"brz-fsft-lg-0 brz-fwdth-lg-100 brz-vfw-lg-400 brz-lh-lg-1_9 brz-ls-lg-0 brz-fw-lg-500 brz-fss-lg-px brz-fs-lg-16 brz-ft-google brz-ff-epilogue brz-tp-lg-empty brz-css-rdlwl\" data-uniq-id=\"o4icr\" data-generated-css=\"brz-css-bNQ50\"><span class=\"brz-cp-color2\">Till dags dato har mer \u00e4n 8 000 ABENE verktygsmaskiner levererats.&nbsp;Maskinerna s\u00e5ldes under namnet ABENE och f\u00f6retagets namn \u00e4ndrades snart till detsamma.<\/span><\/p>\n<p class=\"brz-fsft-lg-0 brz-fwdth-lg-100 brz-vfw-lg-400 brz-lh-lg-1_9 brz-ls-lg-0 brz-fw-lg-500 brz-fss-lg-px brz-fs-lg-16 brz-ft-google brz-ff-epilogue brz-tp-lg-empty brz-css-wv4Dk\" data-uniq-id=\"o4icr\" data-generated-css=\"brz-css-bNQ50\"><span class=\"brz-cp-color2\"> <\/span><\/p>\n<p class=\"brz-fsft-lg-0 brz-fwdth-lg-100 brz-vfw-lg-400 brz-lh-lg-1_9 brz-ls-lg-0 brz-fw-lg-500 brz-fss-lg-px brz-fs-lg-16 brz-ft-google brz-ff-epilogue brz-tp-lg-empty brz-css-rHfbK\" data-uniq-id=\"jp2cG\" data-generated-css=\"brz-css-oAVr6\"><span class=\"brz-cp-color2\">In 1961, the company was split into two parts: assembly, sales, and the technical department remained in Stockholm, while the production of all components was located in Valdemarsvik. In the early 1980s, a decision was made to consolidate the entire operation in Valdemarsvik, which had recently become the site for final assembly and inspection before delivery. In July 2020, following the bankruptcy of Abene Machines, all spare parts and documentation were moved to VEMU, and later on July 15, 2021, to Storebro Industrier Nya AB. In March 2025, we at PAVE acquired the brand.<\/span><\/p>\n<\/div>\n<\/div>\n<\/div>\n<\/div>\n<\/div>\n<\/div>\n<\/div>\n<\/div>\n<\/div>\n<\/section>\n<section id=\"3324e10ef7f6a3c4cb40_eVgkmBDLyylg\" class=\"brz-section brz-css-zvw95v brz-css-14bma36\">\n<div class=\"brz-section__content brz-section--boxed brz-css-cak4n6 brz-css-11elytn\" data-brz-custom-id=\"ucFUiYk1EOPt\">\n<div class=\"brz-bg\">\n<div class=\"brz-bg-color\"><\/div>\n<\/div>\n<div class=\"brz-container brz-css-dtdrkn brz-css-13c0e0t\">\n<div id=\"\" class=\"brz-css-1c29gdu brz-css-12lzsi1 brz-wrapper\">\n<div class=\"brz-line brz-line-default brz-css-gfgfc7 brz-css-1yovapz\" data-brz-custom-id=\"eFrtZlmlykaN\">\n<hr class=\"brz-hr\"><\/div>\n<\/div>\n<div id=\"\" class=\"brz-css-1c29gdu brz-css-11ipn5p brz-wrapper\">\n<div class=\"brz-rich-text brz-rich-text__custom brz-css-1u1zt95 brz-css-1f4y4lp\" data-brz-custom-id=\"kGDjtdBkzdt9\">\n<div data-brz-translate-text=\"1\">\n<h1 data-uniq-id=\"u7H0F\" data-generated-css=\"brz-css-yuuCZ\" class=\"brz-tp-lg-heading1 brz-css-zVpM_\"><span class=\"brz-cp-color2\">Abene fr\u00e4smaskiner<\/span><\/h1>\n<\/div>\n<\/div>\n<\/div>\n<div id=\"\" class=\"brz-css-1c29gdu brz-css-erzuq4 brz-wrapper\">\n<div class=\"brz-rich-text brz-rich-text__custom brz-css-1u1zt95 brz-css-1qhb8r2\" data-brz-custom-id=\"io9KF3H9UIYQ\">\n<div data-brz-translate-text=\"1\">\n<p class=\"brz-tp-lg-paragraph brz-mb-lg-29 brz-css-i_ZnT\" data-generated-css=\"brz-css-eGXfv\" data-uniq-id=\"sJyPS\"><span class=\"brz-cp-color2\">Abene \u00e4r k\u00e4nt f\u00f6r sina m\u00e5ngsidiga och robusta fr\u00e4smaskiner som under \u00e5rtionden anv\u00e4nts inom verkstadsindustrin \u2013 b\u00e5de i Sverige och internationellt. Maskinerna k\u00e4nnetecknas av sin h\u00f6ga precision, p\u00e5litliga konstruktion och l\u00e5nga livsl\u00e4ngd, vilket gjort dem till ett sj\u00e4lvklart val f\u00f6r s\u00e5v\u00e4l enstycksproduktion som serieproduktion. <\/span><\/p>\n<p class=\"brz-tp-lg-paragraph brz-mb-lg-29 brz-css-l0nJm\" data-generated-css=\"brz-css-eqEC0\" data-uniq-id=\"gegyv\"><strong class=\"brz-cp-color2\">Nedan hittar du teknisk information och brukshandvisningar f\u00f6r n\u00e5gra av Abene\u2019s mest popul\u00e4ra fr\u00e4smaskinsmodeller.<\/strong><\/p>\n<\/div>\n<\/div>\n<\/div>\n<div class=\"brz-row__container brz-css-1qxhoq6 brz-css-15b3ptl\" data-brz-custom-id=\"nFZXnwp_HZGt\">\n<div class=\"brz-bg\">\n<div class=\"brz-bg-color\"><\/div>\n<\/div>\n<div class=\"brz-row brz-css-1u8e6cg brz-css-9zwahw\">\n<div class=\"brz-columns brz-css-qjnti brz-css-ea91jl\" data-brz-custom-id=\"thqnjJxXK9X9\">\n<div class=\"brz-column__items brz-css-3bnkqq brz-css-h0nu6c\">\n<div id=\"\" class=\"brz-css-1c29gdu brz-css-15mdap5 brz-wrapper\">\n<div class=\"brz-image brz-css-1ro63au brz-css-1vwn37e\" data-brz-custom-id=\"qqsi2UyQrlRR\"><img decoding=\"async\" class=\"brz-img\" src=\"https:\/\/paveab.se\/wp-content\/uploads\/2025\/07\/AbeneVHF-330.png\" alt=\"\" title=\"AbeneVHF 330\" loading=\"lazy\"><\/div>\n<\/div>\n<\/div>\n<\/div>\n<div class=\"brz-columns brz-css-qjnti brz-css-17gl05g\" data-brz-custom-id=\"gHBXPiGJJwC4\">\n<div class=\"brz-column__items brz-css-3bnkqq brz-css-10bosjp\">\n<div id=\"\" class=\"brz-css-1c29gdu brz-css-7o9vb0 brz-wrapper\">\n<div class=\"brz-rich-text brz-rich-text__custom brz-css-1u1zt95 brz-css-135xlbj\" data-brz-custom-id=\"gHhnDUnJdEC8\">\n<div data-brz-translate-text=\"1\">\n<h2 data-uniq-id=\"d3OcW\" data-generated-css=\"brz-css-uzBxj\" class=\"brz-tp-lg-heading2 brz-css-cEdN3\"><span class=\"brz-cp-color2\">VHF-330<\/span><\/h2>\n<\/div>\n<\/div>\n<\/div>\n<div class=\"brz-row__container brz-css-1qxhoq6 brz-css-1o72lbo\" data-brz-custom-id=\"o_iDdV0QL9yR\">\n<div class=\"brz-row brz-row--inner brz-css-1u8e6cg brz-css-1vo8reb\">\n<div class=\"brz-columns brz-css-qjnti brz-css-13j66ct\" data-brz-custom-id=\"yJ8AjXc80hcb\">\n<div class=\"brz-column__items brz-css-3bnkqq brz-css-1amallr\">\n<div id=\"\" class=\"brz-css-1c29gdu brz-css-17kxzax brz-wrapper\">\n<div class=\"brz-rich-text brz-rich-text__custom brz-css-1u1zt95 brz-css-12qvjcd\" data-brz-custom-id=\"oPdq1jU1Tbof\">\n<div data-brz-translate-text=\"1\">\n<p class=\"brz-fsft-lg-0 brz-fwdth-lg-100 brz-vfw-lg-400 brz-lh-lg-1_9 brz-ls-lg-0 brz-fw-lg-500 brz-fss-lg-px brz-fs-lg-16 brz-ft-google brz-ff-epilogue brz-tp-lg-empty brz-css-h5bPP\" data-generated-css=\"brz-css-kWS5n\" data-uniq-id=\"t9QtZ\"><span class=\"brz-cp-color2\">Vertical\/horizontal universal milling machine of console type with a large working area of XYZ 600x500x450 mm. Infinitely variable spindle speed via a 2-speed gearbox. The unique slant-bed design provides an extremely flexible and versatile machine.<\/span><\/p>\n<\/div>\n<\/div>\n<\/div>\n<\/div>\n<\/div>\n<div class=\"brz-columns brz-css-qjnti brz-css-p2oei0\" data-brz-custom-id=\"tnoxp9eGALUS\">\n<div class=\"brz-column__items brz-css-3bnkqq brz-css-bdp61r\">\n<div class=\"brz-wrapper-clone brz-flex-xs-wrap brz-css-9e8o14 brz-css-y9ea9f\" data-brz-custom-id=\"spbvzRSh6brt\"><a class=\"brz-a brz-btn brz-css-18yt70a brz-css-12k15wx brz-css-87553n brz-css-rmtua1\" href=\"https:\/\/paveab.se\/wp-content\/uploads\/2025\/04\/VHF-330-teknisk-data.pdf\" target=\"_blank\" rel=\"noopener\" data-brz-link-type=\"upload\" data-brz-custom-id=\"c6fZX8zrX_pO\"><span data-brz-translate-text=\"1\" class=\"brz-span brz-text__editor\">Download technical data<\/span><\/a><\/div>\n<\/div>\n<\/div>\n<\/div>\n<\/div>\n<\/div>\n<\/div>\n<\/div>\n<\/div>\n<div class=\"brz-row__container brz-css-1qxhoq6 brz-css-1q97krs\" data-brz-custom-id=\"pxcNDbGr31I2\">\n<div class=\"brz-bg\">\n<div class=\"brz-bg-color\"><\/div>\n<\/div>\n<div class=\"brz-row brz-css-1u8e6cg brz-css-o4arz7\">\n<div class=\"brz-columns brz-css-qjnti brz-css-1xqh14i\" data-brz-custom-id=\"mJracJnusuia\">\n<div class=\"brz-column__items brz-css-3bnkqq brz-css-lppfej\">\n<div id=\"\" class=\"brz-css-1c29gdu brz-css-wf26vy brz-wrapper\">\n<div class=\"brz-image brz-css-7qcqq brz-css-1fb7qy7\" data-brz-custom-id=\"o6mEK7Fy8PZ5\"><img decoding=\"async\" class=\"brz-img\" src=\"https:\/\/paveab.se\/wp-content\/uploads\/2025\/04\/VHF-330-TI.png\" alt=\"abene-frasmaskin-vhf330ti\" title=\"VHF-330 TI\" loading=\"lazy\"><\/div>\n<\/div>\n<\/div>\n<\/div>\n<div class=\"brz-columns brz-css-qjnti brz-css-16v8sex\" data-brz-custom-id=\"lOgwEX6fnGrv\">\n<div class=\"brz-column__items brz-css-3bnkqq brz-css-1k7xcgl\">\n<div id=\"\" class=\"brz-css-1c29gdu brz-css-1jid9in brz-wrapper\">\n<div class=\"brz-rich-text brz-rich-text__custom brz-css-1u1zt95 brz-css-19a6enx\" data-brz-custom-id=\"lJHJjxcioaIf\">\n<div data-brz-translate-text=\"1\">\n<h2 class=\"brz-tp-lg-heading2 brz-css-ck2Xt\" data-generated-css=\"brz-css-vMPFZ\" data-uniq-id=\"e2wcQ\"><span class=\"brz-cp-color2\">VHF-330 TI<\/span><\/h2>\n<\/div>\n<\/div>\n<\/div>\n<div class=\"brz-row__container brz-css-1qxhoq6 brz-css-1c0tkc1\" data-brz-custom-id=\"p9X6PA6wvlen\">\n<div class=\"brz-row brz-row--inner brz-css-1u8e6cg brz-css-1g8w11g\">\n<div class=\"brz-columns brz-css-qjnti brz-css-yf7prd\" data-brz-custom-id=\"maQ2KfGwp2rQ\">\n<div class=\"brz-column__items brz-css-3bnkqq brz-css-tan5uk\">\n<div id=\"\" class=\"brz-css-1c29gdu brz-css-1ks048u brz-wrapper\">\n<div class=\"brz-rich-text brz-rich-text__custom brz-css-1u1zt95 brz-css-1n13cgq\" data-brz-custom-id=\"uI53SyzvNxO7\">\n<div data-brz-translate-text=\"1\">\n<p class=\"brz-fsft-lg-0 brz-fwdth-lg-100 brz-vfw-lg-400 brz-lh-lg-1_9 brz-ls-lg-0 brz-fw-lg-500 brz-fss-lg-px brz-fs-lg-16 brz-ft-google brz-ff-epilogue brz-tp-lg-empty brz-css-gGIwr\" data-generated-css=\"brz-css-oIUf_\" data-uniq-id=\"bvZ9D\"><span class=\"brz-cp-color2\">Vertical\/horizontal universal CNC milling machine of console type with a large working area of XYZ 600x500x450 mm. The unique slant-bed design provides an extremely flexible and versatile machine.<\/span><\/p>\n<p class=\"brz-fsft-lg-0 brz-fwdth-lg-100 brz-vfw-lg-400 brz-lh-lg-1_9 brz-ls-lg-0 brz-fw-lg-500 brz-fss-lg-px brz-fs-lg-16 brz-ft-google brz-ff-epilogue brz-tp-lg-empty brz-css-jx4n0\" data-generated-css=\"brz-css-sEc1s\" data-uniq-id=\"cz2E5\"><span class=\"brz-cp-color2\">Spindle: ISO40 7.5 kW 55-4000 rpm 2-speed automatic gearbox.<\/span><\/p>\n<p class=\"brz-fsft-lg-0 brz-fwdth-lg-100 brz-vfw-lg-400 brz-lh-lg-1_9 brz-ls-lg-0 brz-fw-lg-500 brz-fss-lg-px brz-fs-lg-16 brz-ft-google brz-ff-epilogue brz-tp-lg-empty brz-css-dQ9Dk\" data-generated-css=\"brz-css-sEc1s\" data-uniq-id=\"cz2E5\"><span class=\"brz-cp-color2\">Bordsyta: 800&#215;400 mm.<\/span><\/p>\n<\/div>\n<\/div>\n<\/div>\n<\/div>\n<\/div>\n<div class=\"brz-columns brz-css-qjnti brz-css-1o0mogv\" data-brz-custom-id=\"mo53qMP0VqbO\">\n<div class=\"brz-column__items brz-css-3bnkqq brz-css-8vwn77\">\n<div class=\"brz-wrapper-clone brz-flex-xs-wrap brz-css-9e8o14 brz-css-g5r0i1\" data-brz-custom-id=\"qvvAPkFJ2TrU\"><a class=\"brz-a brz-btn brz-css-18yt70a brz-css-1irk54y brz-css-87553n brz-css-bb3lak\" href=\"https:\/\/paveab.se\/wp-content\/uploads\/2025\/04\/VHF-330-TI-teknisk-data.pdf\" target=\"_blank\" rel=\"noopener\" data-brz-link-type=\"upload\" data-brz-custom-id=\"yp3dQiIFsVZ5\"><span data-brz-translate-text=\"1\" class=\"brz-span brz-text__editor\">Download technical data<\/span><\/a><\/div>\n<\/div>\n<\/div>\n<\/div>\n<\/div>\n<\/div>\n<\/div>\n<\/div>\n<\/div>\n<div class=\"brz-row__container brz-css-1qxhoq6 brz-css-lo99l9\" data-brz-custom-id=\"oG64dVhZNDBo\">\n<div class=\"brz-bg\">\n<div class=\"brz-bg-color\"><\/div>\n<\/div>\n<div class=\"brz-row brz-css-1u8e6cg brz-css-117izrt\">\n<div class=\"brz-columns brz-css-qjnti brz-css-q9znhu\" data-brz-custom-id=\"c47Cebj7qWdp\">\n<div class=\"brz-column__items brz-css-3bnkqq brz-css-g60wul\">\n<div id=\"\" class=\"brz-css-1c29gdu brz-css-1rlerva brz-wrapper\">\n<div class=\"brz-image brz-css-1ewsgd7 brz-css-1c0wh4t\" data-brz-custom-id=\"dKHe1npWXFGo\"><img decoding=\"async\" class=\"brz-img\" src=\"https:\/\/paveab.se\/wp-content\/uploads\/2025\/04\/VHF-360-TI.png\" alt=\"abene-frasmaskin-vhf360ti\" title=\"VHF-360 TI\" loading=\"lazy\"><\/div>\n<\/div>\n<\/div>\n<\/div>\n<div class=\"brz-columns brz-css-qjnti brz-css-3flaq8\" data-brz-custom-id=\"gzlRezK1hUwM\">\n<div class=\"brz-column__items brz-css-3bnkqq brz-css-1txxel9\">\n<div id=\"\" class=\"brz-css-1c29gdu brz-css-8up5py brz-wrapper\">\n<div class=\"brz-rich-text brz-rich-text__custom brz-css-1u1zt95 brz-css-bne2p1\" data-brz-custom-id=\"elO_mCRRDaRU\">\n<div data-brz-translate-text=\"1\">\n<h2 class=\"brz-tp-lg-heading2 brz-css-pm5OI\" data-uniq-id=\"rABPm\" data-generated-css=\"brz-css-m4iU1\"><span class=\"brz-cp-color2\">VHF-360 TI<\/span><\/h2>\n<\/div>\n<\/div>\n<\/div>\n<div class=\"brz-row__container brz-css-1qxhoq6 brz-css-1cwiq7u\" data-brz-custom-id=\"ytEAwbof32NL\">\n<div class=\"brz-row brz-row--inner brz-css-1u8e6cg brz-css-1w6swva\">\n<div class=\"brz-columns brz-css-qjnti brz-css-1m1zy4e\" data-brz-custom-id=\"bosEqdi_j20d\">\n<div class=\"brz-column__items brz-css-3bnkqq brz-css-146gzmj\">\n<div id=\"\" class=\"brz-css-1c29gdu brz-css-1tsieij brz-wrapper\">\n<div class=\"brz-rich-text brz-rich-text__custom brz-css-1u1zt95 brz-css-adynpd\" data-brz-custom-id=\"z9LVm6qZgIIO\">\n<div data-brz-translate-text=\"1\">\n<p class=\"brz-ls-lg-0 brz-lh-lg-1_9 brz-vfw-lg-400 brz-fwdth-lg-100 brz-fsft-lg-0 brz-tp-lg-empty brz-ff-epilogue brz-ft-google brz-fs-lg-16 brz-fss-lg-px brz-fw-lg-500 brz-css-bYPaP\" data-uniq-id=\"tbrjW\" data-generated-css=\"brz-css-pHFli\"><span class=\"brz-cp-color2\">Vertical\/horizontal universal CNC milling machine with a large working area in XYZ 650x500x475 mm.<\/span><\/p>\n<p class=\"brz-ls-lg-0 brz-lh-lg-1_9 brz-vfw-lg-400 brz-fwdth-lg-100 brz-fsft-lg-0 brz-tp-lg-empty brz-ff-epilogue brz-ft-google brz-fs-lg-16 brz-fss-lg-px brz-fw-lg-500 brz-css-gIYAF\" data-uniq-id=\"udP4Q\" data-generated-css=\"brz-css-mTPXJ\"><span class=\"brz-cp-color2\">The unique slant-bed concept provides an extremely flexible and versatile milling machine.<\/span><\/p>\n<p class=\"brz-ls-lg-0 brz-lh-lg-1_9 brz-vfw-lg-400 brz-fwdth-lg-100 brz-fsft-lg-0 brz-tp-lg-empty brz-ff-epilogue brz-ft-google brz-fs-lg-16 brz-fss-lg-px brz-fw-lg-500 brz-css-cBlbY\" data-uniq-id=\"xXgXT\" data-generated-css=\"brz-css-sMvsW\"><span class=\"brz-cp-color2\">Spindel: ISO40 7,5 kW 55-4000 v\/min 2-stegs automatisk v\u00e4xell\u00e5da. Bordsyta:&nbsp;1530&#215;450 mm.<\/span><\/p>\n<\/div>\n<\/div>\n<\/div>\n<\/div>\n<\/div>\n<div class=\"brz-columns brz-css-qjnti brz-css-ucck0r\" data-brz-custom-id=\"zPatjZCe3fc1\">\n<div class=\"brz-column__items brz-css-3bnkqq brz-css-ctnba1\">\n<div class=\"brz-wrapper-clone brz-flex-xs-wrap brz-css-9e8o14 brz-css-qycwwg\" data-brz-custom-id=\"pwh3t7HvNKIg\"><a class=\"brz-a brz-btn brz-css-18yt70a brz-css-1cb548m brz-css-87553n brz-css-6ixzfq\" href=\"https:\/\/paveab.se\/wp-content\/uploads\/2025\/04\/VHF-360-TI-teknisk-data.pdf\" target=\"_blank\" rel=\"noopener\" data-brz-link-type=\"upload\" data-brz-custom-id=\"fr_r6aTUmmHc\"><span data-brz-translate-text=\"1\" class=\"brz-span brz-text__editor\">Download technical data<\/span><\/a><\/div>\n<\/div>\n<\/div>\n<\/div>\n<\/div>\n<\/div>\n<\/div>\n<\/div>\n<\/div>\n<div class=\"brz-row__container brz-css-1qxhoq6 brz-css-qyrf9r\" data-brz-custom-id=\"e63jF3bNHrFr\">\n<div class=\"brz-bg\">\n<div class=\"brz-bg-color\"><\/div>\n<\/div>\n<div class=\"brz-row brz-css-1u8e6cg brz-css-1w3bhsr\">\n<div class=\"brz-columns brz-css-qjnti brz-css-112rgu3\" data-brz-custom-id=\"jU0ZktMv_VCH\">\n<div class=\"brz-column__items brz-css-3bnkqq brz-css-18uatuv\">\n<div id=\"\" class=\"brz-css-1c29gdu brz-css-1h3ihu1 brz-wrapper\">\n<div class=\"brz-image brz-css-16r6xgr brz-css-12058gn\" data-brz-custom-id=\"jR9JOUrhwWjJ\"><img decoding=\"async\" class=\"brz-img\" src=\"https:\/\/paveab.se\/wp-content\/uploads\/2025\/04\/VHF-380-TI.png\" alt=\"abene-frasmaskin-vhf380ti\" title=\"VHF-380 TI\" loading=\"lazy\"><\/div>\n<\/div>\n<\/div>\n<\/div>\n<div class=\"brz-columns brz-css-qjnti brz-css-1a4wivn\" data-brz-custom-id=\"i2gvP1HE4Vm8\">\n<div class=\"brz-column__items brz-css-3bnkqq brz-css-11jjhdu\">\n<div id=\"\" class=\"brz-css-1c29gdu brz-css-gbgyrk brz-wrapper\">\n<div class=\"brz-rich-text brz-rich-text__custom brz-css-1u1zt95 brz-css-byvwin\" data-brz-custom-id=\"yg03HRl5OLQK\">\n<div data-brz-translate-text=\"1\">\n<h2 class=\"brz-tp-lg-heading2 brz-css-kMZm_\" data-generated-css=\"brz-css-sxuSc\" data-uniq-id=\"pNsvT\"><span class=\"brz-cp-color2\">VHF-380 TI<\/span><\/h2>\n<\/div>\n<\/div>\n<\/div>\n<div class=\"brz-row__container brz-css-1qxhoq6 brz-css-138fkn6\" data-brz-custom-id=\"cgNZUW4NqWDQ\">\n<div class=\"brz-row brz-row--inner brz-css-1u8e6cg brz-css-n3l2or\">\n<div class=\"brz-columns brz-css-qjnti brz-css-1yqhpc3\" data-brz-custom-id=\"voLm6eCScdIX\">\n<div class=\"brz-column__items brz-css-3bnkqq brz-css-10ubybm\">\n<div id=\"\" class=\"brz-css-1c29gdu brz-css-1135ikh brz-wrapper\">\n<div class=\"brz-rich-text brz-rich-text__custom brz-css-1u1zt95 brz-css-mle0ae\" data-brz-custom-id=\"pOGRle0sttbL\">\n<div data-brz-translate-text=\"1\">\n<p class=\"brz-fw-lg-500,400 brz-fsft-lg-0 brz-fwdth-lg-100 brz-vfw-lg-400 brz-lh-lg-1_9 brz-ls-lg-0 brz-fss-lg-px brz-fs-lg-16 brz-ft-google brz-ff-epilogue brz-tp-lg-empty brz-css-g9gmy\" data-generated-css=\"brz-css-yRUT5\" data-uniq-id=\"xesBI\"><span class=\"brz-cp-color2\">Vertical\/horizontal universal CNC milling machine of the console type with a large working area in XYZ 800x500x475 mm.<\/span><\/p>\n<p class=\"brz-tp-lg-empty brz-ff-epilogue brz-ft-google brz-fs-lg-16 brz-fss-lg-px brz-fw-lg-400 brz-ls-lg-0 brz-lh-lg-1_9 brz-vfw-lg-400 brz-fwdth-lg-100 brz-fsft-lg-0 brz-css-e0gKO\" data-generated-css=\"brz-css-jp8Si\" data-uniq-id=\"o5g5i\"><span class=\"brz-cp-color2\">The unique slant-bed concept provides an extremely flexible and versatile milling machine.<\/span><\/p>\n<\/div>\n<\/div>\n<\/div>\n<\/div>\n<\/div>\n<div class=\"brz-columns brz-css-qjnti brz-css-10dllar\" data-brz-custom-id=\"l70KHW7SpEAZ\">\n<div class=\"brz-column__items brz-css-3bnkqq brz-css-164w0rp\">\n<div class=\"brz-wrapper-clone brz-flex-xs-wrap brz-css-9e8o14 brz-css-ns7pgv\" data-brz-custom-id=\"uNFZcnq97J1s\"><a class=\"brz-a brz-btn brz-css-18yt70a brz-css-t84usb brz-css-87553n brz-css-1c7lmzn\" href=\"https:\/\/paveab.se\/wp-content\/uploads\/2025\/04\/VHF-380-TI-teknisk-data.pdf\" target=\"_blank\" rel=\"noopener\" data-brz-link-type=\"upload\" data-brz-custom-id=\"kp1aNz84L2_8\"><span data-brz-translate-text=\"1\" class=\"brz-span brz-text__editor\">Download technical data<\/span><\/a><\/div>\n<\/div>\n<\/div>\n<\/div>\n<\/div>\n<\/div>\n<\/div>\n<\/div>\n<\/div>\n<\/div>\n<\/div>\n<\/section><\/div>\n<p><!-- version:1753461177 --><\/p>","protected":false},"excerpt":{"rendered":"<p>Nu har vi p\u00e5 PAVE Industriservice AB f\u00f6rv\u00e4rvat Abene Abenes Reservdelar, service, maskiner och support&nbsp;kommer forts\u00e4ttningsvis administreras enbart fr\u00e5n oss i K\u00f6ping.&nbsp;Beh\u00f6ver ni Abene reservdelar eller kanske g\u00e5r du i tankarna f\u00f6r en ny Abene maskin? Kontakta oss p\u00e5 PAVE Industriservice s\u00e5 hj\u00e4lper vi dig. Kontakta oss Om varum\u00e4rket ABENE Grundades 1938 under namnet AB [&hellip;]<\/p>\n","protected":false},"author":1,"featured_media":0,"parent":0,"menu_order":0,"comment_status":"closed","ping_status":"closed","template":"brizy-blank-template.php","meta":{"footnotes":""},"class_list":["post-1031","page","type-page","status-publish","hentry"],"blocksy_meta":[],"brizy_media":[{"id":16,"url":"https:\/\/paveab.se\/wp-content\/uploads\/2024\/07\/wp-1c7272984c959b5c92396ec1f128dc59.png","name":"wp-1c7272984c959b5c92396ec1f128dc59.png","meta":{"brizy_attachment_uid":"wp-1c7272984c959b5c92396ec1f128dc59.png","brizy_post_uid":["c012f7109fccd9b593a36fa9a1fea239","9fbc7584158be97b6ed471560789a8a0","6f2b132a198cbe69841629a42a66a3e3"]}},{"id":859,"url":"https:\/\/paveab.se\/wp-content\/uploads\/2024\/08\/Schaeffler-Reservdelar.webp","name":"Schaeffler-Reservdelar.webp","meta":{"brizy_attachment_uid":"wp-7dd5dbf085356b97943f34bd0fd9f682.webp","brizy_post_uid":["6ce023db87daaf0d05f3491001349ff5","6f2b132a198cbe69841629a42a66a3e3"]}},{"id":1009,"url":"https:\/\/paveab.se\/wp-content\/uploads\/2025\/04\/ABENE-logga.jpeg","name":"ABENE-logga.jpeg","meta":{"brizy_attachment_uid":"wp-8b360e49f44c56ccb433b46e00254c28.jpeg","brizy_post_uid":["9fbc7584158be97b6ed471560789a8a0","6f2b132a198cbe69841629a42a66a3e3"]}},{"id":1127,"url":"https:\/\/paveab.se\/wp-content\/uploads\/2025\/04\/VHF-330.png","name":"VHF-330.png","meta":{"brizy_attachment_uid":"wp-a382aa2b049ef77786db55acf58ef34a.png","brizy_post_uid":["6f2b132a198cbe69841629a42a66a3e3"]}},{"id":1169,"url":"https:\/\/paveab.se\/wp-content\/uploads\/2025\/04\/VHF-330-TI.png","name":"VHF-330-TI.png","meta":{"brizy_attachment_uid":"wp-09b1c28f6ab20ac659136fa4a867d8c8.png","brizy_post_uid":["6f2b132a198cbe69841629a42a66a3e3"]}},{"id":1170,"url":"https:\/\/paveab.se\/wp-content\/uploads\/2025\/04\/VHF-360-TI.png","name":"VHF-360-TI.png","meta":{"brizy_attachment_uid":"wp-7d7baaf0516535b2a9f4d5c57b783663.png","brizy_post_uid":["6f2b132a198cbe69841629a42a66a3e3"]}},{"id":1171,"url":"https:\/\/paveab.se\/wp-content\/uploads\/2025\/04\/VHF-380-TI.png","name":"VHF-380-TI.png","meta":{"brizy_attachment_uid":"wp-cca991aee500452f45da617d4a91b001.png","brizy_post_uid":["6f2b132a198cbe69841629a42a66a3e3"]}},{"id":1276,"url":"https:\/\/paveab.se\/wp-content\/uploads\/2025\/07\/AbeneVHF-330.png","name":"AbeneVHF-330.png","meta":{"brizy_attachment_uid":"wp-ec3aa8373c1193494e619c40b6a73451.png","brizy_post_uid":["6f2b132a198cbe69841629a42a66a3e3"]}}],"_links":{"self":[{"href":"https:\/\/paveab.se\/en\/wp-json\/wp\/v2\/pages\/1031","targetHints":{"allow":["GET"]}}],"collection":[{"href":"https:\/\/paveab.se\/en\/wp-json\/wp\/v2\/pages"}],"about":[{"href":"https:\/\/paveab.se\/en\/wp-json\/wp\/v2\/types\/page"}],"author":[{"embeddable":true,"href":"https:\/\/paveab.se\/en\/wp-json\/wp\/v2\/users\/1"}],"replies":[{"embeddable":true,"href":"https:\/\/paveab.se\/en\/wp-json\/wp\/v2\/comments?post=1031"}],"version-history":[{"count":30,"href":"https:\/\/paveab.se\/en\/wp-json\/wp\/v2\/pages\/1031\/revisions"}],"predecessor-version":[{"id":1279,"href":"https:\/\/paveab.se\/en\/wp-json\/wp\/v2\/pages\/1031\/revisions\/1279"}],"wp:attachment":[{"href":"https:\/\/paveab.se\/en\/wp-json\/wp\/v2\/media?parent=1031"}],"curies":[{"name":"wp","href":"https:\/\/api.w.org\/{rel}","templated":true}]}}