{"id":24,"date":"2024-07-10T11:38:08","date_gmt":"2024-07-10T11:38:08","guid":{"rendered":"https:\/\/paveab.se\/?page_id=24"},"modified":"2026-04-07T00:04:47","modified_gmt":"2026-04-07T00:04:47","slug":"kontakta-oss","status":"publish","type":"page","link":"https:\/\/paveab.se\/en\/kontakta-oss\/","title":{"rendered":"Contact us"},"content":{"rendered":"<div class=\"brz-root__container brz-reset-all brz\">\n<section id=\"tfNRFWRDebgl\" class=\"brz-section brz-css-aYVQM\">\n<div class=\"brz-section__content brz-section--boxed brz-css-xmtco brz-css-pABvx\" data-brz-custom-id=\"rgIY3boJ3Pdf\">\n<div class=\"brz-bg\">\n<div class=\"brz-bg-image brz-bg-image-parallax\"><\/div>\n<div class=\"brz-bg-color\"><\/div>\n<div class=\"brz-bg-shape brz-bg-shape__top\"><\/div>\n<\/div>\n<div class=\"brz-container brz-css-qF2X5 brz-css-g4k9x\">\n<div id=\"\" class=\"brz-css-b5R_Z brz-wrapper\">\n<div class=\"brz-rich-text brz-rich-text__custom brz-css-cNjl0\" data-brz-custom-id=\"gQ36CJ49S9DE\">\n<div data-brz-translate-text=\"1\">\n<h1 class=\"brz-text-lg-left brz-mb-lg-50 brz-tp-lg-heading1 brz-text-sm-center brz-mb-xs-0 brz-text-xs-center brz-css-h2Xg7\" data-generated-css=\"brz-css-mRGp3\" data-uniq-id=\"iuJxL\"><span class=\"brz-cp-color8\">Contact us via the form,\nphone or mail<\/span><\/h1>\n<\/div>\n<\/div>\n<\/div>\n<div class=\"brz-row__container brz-css-eMLQZ\" data-brz-custom-id=\"evbpFI1cKMFr\">\n<div class=\"brz-bg\"><\/div>\n<div class=\"brz-row brz-css-tBwC4 brz-css-u6Zk6\">\n<div class=\"brz-columns brz-css-u8uVb brz-css-ucnA2\" data-brz-custom-id=\"nCgRV9z8OjyG\">\n<div class=\"brz-bg\">\n<div class=\"brz-bg-color\"><\/div>\n<\/div>\n<div class=\"brz-column__items brz-css-jDKM6 brz-css-oJOtR\">\n<div id=\"\" class=\"brz-css-b5R_Z brz-css-uz4D6 brz-wrapper\">\n<div class=\"brz-rich-text brz-rich-text__custom brz-css-cNjl0\" data-brz-custom-id=\"okydatFYi2nl\">\n<div data-brz-translate-text=\"1\">\n<p class=\"brz-fw-xs-400 brz-fss-xs-px brz-fs-xs-13 brz-ft-google brz-ff-epilogue brz-fsft-xs-0 brz-fwdth-xs-100 brz-vfw-xs-400 brz-lh-xs-1_5 brz-ls-xs-0 brz-fsft-sm-0 brz-fwdth-sm-100 brz-vfw-sm-400 brz-lh-sm-1_8 brz-ls-sm-0 brz-fw-sm-300 brz-fss-sm-px brz-fs-sm-13 brz-tp-lg-abovetitle brz-tp-sm-paragraph brz-tp-xs-paragraph brz-css-fVJzt\" data-generated-css=\"brz-css-xAHIB\" data-uniq-id=\"xcriG\"><span class=\"brz-cp-color2\">Fill out the form and we'll get back to you as soon as possible.<\/span><\/p>\n<\/div>\n<\/div>\n<\/div>\n<div id=\"\" class=\"brz-css-b5R_Z brz-wrapper\">\n<div data-brz-form-version=\"2\" class=\"brz-forms2 brz-css-mzqrq brz-css-nto7n\" data-brz-custom-id=\"aA_t118XN_z2\">\n<div data-brz-translate-text=\"1\" class=\"brz-forms2__item brz-css-ydN4O brz-css-tcdtM brz-css-cBiBw brz-css-ubbwp\"><label class=\"brz-label brz-forms2__field-label\" for=\"btS3oqyteQ2w\">Name<\/label><\/div>\n<div data-brz-translate-text=\"1\" class=\"brz-forms2__item brz-css-ydN4O brz-css-tcdtM brz-css-cBiBw brz-css-jIlI0\"><label class=\"brz-label brz-forms2__field-label\" for=\"fsfrFwzjhFVC\">Phone<\/label><\/div>\n<div data-brz-translate-text=\"1\" class=\"brz-forms2__item brz-css-ydN4O brz-css-tcdtM brz-css-cBiBw\"><label class=\"brz-label brz-forms2__field-label\" for=\"owolwHZ0fR5E\">Email<\/label><\/div>\n<div data-brz-translate-text=\"1\" class=\"brz-forms2__item brz-css-ydN4O brz-css-tcdtM brz-css-cBiBw brz-css-cH0_M\"><label class=\"brz-label brz-forms2__field-label\" for=\"jLAdU3LLszH_\">Message<\/label><textarea id=\"jLAdU3LLszH_\" name=\"jnalGlJWtKPq\" data-brz-type=\"Paragraph\" data-brz-label=\"Meddelande\" data-brz-placeholder=\"Meddelande\" class=\"brz-textarea brz-forms2__field brz-forms2__field-paragraph\"><\/textarea><\/div>\n<div class=\"brz-forms2 brz-forms2__item brz-forms2__item-button\" data-brz-custom-id=\"aA_t118XN_z2\"><button class=\"brz-btn brz-btn-submit brz-css-x7XeO brz-css-gl3ox\" data-brz-custom-id=\"iMNRaZb4Q8Xg\"><span data-brz-translate-text=\"1\" class=\"brz-span brz-text__editor\">Send<\/span><\/button><\/div>\n<\/div>\n<\/div>\n<\/div>\n<\/div>\n<div class=\"brz-columns brz-css-u8uVb brz-css-oO_Xq\" data-brz-custom-id=\"a42OZpbVHYOV\">\n<div class=\"brz-bg\">\n<div class=\"brz-bg-color\"><\/div>\n<\/div>\n<div class=\"brz-column__items brz-css-jDKM6 brz-css-nasrP\">\n<div id=\"\" class=\"brz-css-b5R_Z brz-css-iJFxE brz-wrapper\">\n<div class=\"brz-rich-text brz-rich-text__custom brz-css-cNjl0\" data-brz-custom-id=\"kNDzkcrwFWI8\">\n<div data-brz-translate-text=\"1\">\n<p class=\"brz-tp-lg-abovetitle brz-fs-sm-13 brz-fss-sm-px brz-fw-sm-300 brz-ls-sm-0 brz-lh-sm-1_8 brz-vfw-sm-400 brz-fwdth-sm-100 brz-fsft-sm-0 brz-ls-xs-0 brz-lh-xs-1_5 brz-vfw-xs-400 brz-fwdth-xs-100 brz-fsft-xs-0 brz-ff-epilogue brz-ft-google brz-fs-xs-13 brz-fss-xs-px brz-fw-xs-400 brz-tp-sm-paragraph brz-tp-xs-paragraph brz-css-grGDK\" data-uniq-id=\"ex832\" data-generated-css=\"brz-css-kY6lc\">You can reach us via phone and mail<\/p>\n<\/div>\n<\/div>\n<\/div>\n<div id=\"\" class=\"brz-css-b5R_Z brz-css-gS209 brz-wrapper\">\n<div class=\"brz-rich-text brz-rich-text__custom brz-css-cNjl0\" data-brz-custom-id=\"eeqAAYkDvzgU\">\n<div data-brz-translate-text=\"1\">\n<h4 class=\"brz-fsft-lg-0 brz-fwdth-lg-100 brz-vfw-lg-400 brz-lh-lg-1_6 brz-ls-lg-m_0_1 brz-fw-lg-300 brz-fss-lg-px brz-fs-lg-16 brz-ft-google brz-ff-epilogue brz-tp-lg-heading4 brz-text-xs-left brz-css-kU1XR\" data-generated-css=\"brz-css-q5ozf\" data-uniq-id=\"mnK8Y\"><strong class=\"brz-cp-color2\">Patrik Saarenketo &#8211; \u00d6vriga \u00e4renden<\/strong><\/h4>\n<\/div>\n<\/div>\n<\/div>\n<div id=\"\" class=\"brz-css-b5R_Z brz-wrapper\">\n<div class=\"brz-icon-text brz-css-wibZJ brz-css-pfeXY\" data-brz-custom-id=\"o1McMNr4oKdQ\">\n<div class=\"brz-icon__container\" data-brz-custom-id=\"c9xjzgnezEoc\"><span class=\"brz-icon brz-span brz-css-fWIUs brz-css-qb5E6\"><\/span><\/div>\n<div class=\"brz-text-btn\">\n<div class=\"brz-rich-text brz-rich-text__custom brz-css-cNjl0\" data-brz-custom-id=\"zKwmAOOrBbLk\">\n<div data-brz-translate-text=\"1\">\n<p class=\"brz-ff-epilogue brz-ft-google brz-fs-lg-16 brz-fss-lg-px brz-fw-lg-300 brz-ls-lg-m_0_1 brz-lh-lg-1_6 brz-vfw-lg-400 brz-fwdth-lg-100 brz-fsft-lg-0 brz-text-xs-justify brz-tp-lg-button brz-css-n4_bH\" data-uniq-id=\"zpF8M\" data-generated-css=\"brz-css-mPwFM\"><span class=\"brz-cp-color2\">patrik@paveab.se<\/span><\/p>\n<\/div>\n<\/div>\n<\/div>\n<\/div>\n<\/div>\n<div id=\"\" class=\"brz-css-b5R_Z brz-css-k7iIg brz-wrapper\">\n<div class=\"brz-icon-text brz-css-wibZJ brz-css-pSfTS\" data-brz-custom-id=\"vC6uknyiczcL\">\n<div class=\"brz-icon__container\" data-brz-custom-id=\"zaabQlqdRcC1\"><span class=\"brz-icon brz-span brz-css-fWIUs brz-css-gZd9J\"><\/span><\/div>\n<div class=\"brz-text-btn\">\n<div class=\"brz-rich-text brz-rich-text__custom brz-css-cNjl0\" data-brz-custom-id=\"ekcoyWybqxPe\">\n<div data-brz-translate-text=\"1\">\n<p class=\"brz-fw-lg-400 brz-fss-lg-px brz-fs-lg-16 brz-ft-google brz-ff-epilogue brz-fsft-lg-0 brz-fwdth-lg-100 brz-vfw-lg-400 brz-lh-lg-1_6 brz-ls-lg-m_0_1 brz-tp-lg-button brz-css-gr4bo\" data-generated-css=\"brz-css-ufiIL\" data-uniq-id=\"fcIjz\"><span class=\"brz-cp-color2\">073-9302995<\/span><\/p>\n<\/div>\n<\/div>\n<\/div>\n<\/div>\n<\/div>\n<div id=\"\" class=\"brz-css-b5R_Z brz-css-drbIS brz-wrapper\">\n<div class=\"brz-rich-text brz-rich-text__custom brz-css-cNjl0\" data-brz-custom-id=\"hSRWyiJRRpWD\">\n<div data-brz-translate-text=\"1\">\n<h4 class=\"brz-tp-lg-heading4 brz-fsft-lg-0 brz-fwdth-lg-100 brz-vfw-lg-400 brz-lh-lg-1_6 brz-ls-lg-m_0_1 brz-fw-lg-300 brz-fss-lg-px brz-fs-lg-16 brz-ft-google brz-ff-epilogue brz-text-xs-left brz-css-iRrxc\" data-generated-css=\"brz-css-nOD_K\" data-uniq-id=\"iMotZ\"><strong class=\"brz-cp-color2\">Veronika R\u00f6nnberg &#8211; Ekonomi &amp; Administration<\/strong><\/h4>\n<\/div>\n<\/div>\n<\/div>\n<div id=\"\" class=\"brz-css-b5R_Z brz-wrapper\">\n<div class=\"brz-icon-text brz-css-wibZJ brz-css-dGhCj\" data-brz-custom-id=\"peUTfwtSZhY0\">\n<div class=\"brz-icon__container\" data-brz-custom-id=\"ha3VvyceG1U2\"><span class=\"brz-icon brz-span brz-css-fWIUs brz-css-sI98g\"><\/span><\/div>\n<div class=\"brz-text-btn\">\n<div class=\"brz-rich-text brz-rich-text__custom brz-css-cNjl0\" data-brz-custom-id=\"vv6lHXPC2C4h\">\n<div data-brz-translate-text=\"1\">\n<p class=\"brz-ff-epilogue brz-ft-google brz-fs-lg-16 brz-fss-lg-px brz-fw-lg-300 brz-ls-lg-m_0_1 brz-lh-lg-1_6 brz-vfw-lg-400 brz-fwdth-lg-100 brz-fsft-lg-0 brz-text-xs-justify brz-tp-lg-button brz-css-onAPF\" data-uniq-id=\"pXhIU\" data-generated-css=\"brz-css-yP29T\"><span class=\"brz-cp-color2\">info@paveab.se<\/span><\/p>\n<\/div>\n<\/div>\n<\/div>\n<\/div>\n<\/div>\n<div id=\"\" class=\"brz-css-b5R_Z brz-css-ddeAa brz-wrapper\">\n<div class=\"brz-icon-text brz-css-wibZJ brz-css-rF8uH\" data-brz-custom-id=\"squ_bI29d5FQ\">\n<div class=\"brz-icon__container\" data-brz-custom-id=\"lHW0eb0M2P5p\"><span class=\"brz-icon brz-span brz-css-fWIUs brz-css-oxwxG\"><\/span><\/div>\n<div class=\"brz-text-btn\">\n<div class=\"brz-rich-text brz-rich-text__custom brz-css-cNjl0\" data-brz-custom-id=\"eFcP6IIZKNrm\">\n<div data-brz-translate-text=\"1\">\n<p class=\"brz-fw-lg-400 brz-fss-lg-px brz-fs-lg-16 brz-ft-google brz-ff-epilogue brz-fsft-lg-0 brz-fwdth-lg-100 brz-vfw-lg-400 brz-lh-lg-1_6 brz-ls-lg-m_0_1 brz-tp-lg-button brz-css-rUUn0\" data-generated-css=\"brz-css-vgEU1\" data-uniq-id=\"fbW6H\"><span class=\"brz-cp-color2\">076-0437422<\/span><\/p>\n<\/div>\n<\/div>\n<\/div>\n<\/div>\n<\/div>\n<div id=\"\" class=\"brz-css-b5R_Z brz-css-pLVun brz-wrapper\">\n<div class=\"brz-spacer brz-css-zErQ5\"><\/div>\n<\/div>\n<\/div>\n<\/div>\n<\/div>\n<\/div>\n<\/div>\n<\/div>\n<\/section>\n<section id=\"p1I_OwjgJqFW\" class=\"brz-section brz-css-aYVQM brz-css-ajdHt\">\n<div class=\"brz-section__content brz-section--boxed brz-css-xmtco brz-css-uDUbp\" data-brz-custom-id=\"yZWeLTiTiunL\">\n<div class=\"brz-bg\">\n<div class=\"brz-bg-color\"><\/div>\n<\/div>\n<div class=\"brz-container brz-css-qF2X5\">\n<div class=\"brz-row__container brz-css-eMLQZ\" data-brz-custom-id=\"jp5dMpnq8TgQ\">\n<div class=\"brz-bg\"><\/div>\n<div class=\"brz-row brz-css-tBwC4 brz-css-u6Zk6\">\n<div class=\"brz-columns brz-css-u8uVb brz-css-b7U4_\" data-brz-custom-id=\"omxpIqYQHcCF\">\n<div class=\"brz-bg\"><\/div>\n<div class=\"brz-column__items brz-css-jDKM6 brz-css-s4YpZ\">\n<div id=\"\" class=\"brz-css-b5R_Z brz-css-vTKhb brz-wrapper\">\n<div class=\"brz-image brz-css-ssUiX\" data-brz-custom-id=\"brYYu7IJDFf_\"><img decoding=\"async\" class=\"brz-img\" src=\"https:\/\/paveab.se\/wp-content\/uploads\/brizy\/imgs\/wp-1c7272984c959b5c92396ec1f128dc59-238x98x0x0x238x98x1720599989.png\" alt=\"\" loading=\"lazy\"><\/div>\n<\/div>\n<div id=\"\" class=\"brz-css-b5R_Z brz-css-pLVun brz-css-mUGWu brz-wrapper\">\n<div class=\"brz-spacer brz-css-zErQ5 brz-css-m1_MI\"><\/div>\n<\/div>\n<div id=\"\" class=\"brz-css-b5R_Z brz-wrapper\">\n<div class=\"brz-rich-text brz-rich-text__custom brz-css-cNjl0\" data-brz-custom-id=\"rvYQrwszUK7Z\">\n<div data-brz-translate-text=\"1\">\n<p class=\"brz-text-xs-center brz-fsft-lg-0 brz-fwdth-lg-100 brz-vfw-lg-400 brz-lh-lg-1_6 brz-ls-lg-m_0_1 brz-fw-lg-300 brz-fss-lg-px brz-fs-lg-16 brz-ft-google brz-ff-epilogue brz-tp-lg-paragraph brz-css-ivHmu\" data-generated-css=\"brz-css-rdHaJ\" data-uniq-id=\"v4KD9\"><span class=\"brz-cp-color7\">PAVE Industriservice AB offers professional industrial services nationwide. <\/span><\/p>\n<\/div>\n<\/div>\n<\/div>\n<div class=\"brz-wrapper-clone brz-css-bp4ri\">\n<div class=\"brz-d-xs-flex brz-flex-xs-wrap brz-css-czwYn brz-css-wCZsK\" data-brz-custom-id=\"\">\n<div class=\"brz-wrapper-clone__item\" id=\"eXdoudOY1OX1\">\n<div class=\"brz-icon__container\" data-brz-custom-id=\"eXdoudOY1OX1\"><a class=\"brz-a\" href=\"https:\/\/www.facebook.com\/profile.php?id=61559088731199&amp;locale=sv_SE\" target=\"_blank\" rel=\"noopener\" data-brz-link-type=\"external\"><span class=\"brz-icon brz-span brz-css-fWIUs brz-css-iX7UO\"><\/span><\/a><\/div>\n<\/div>\n<div class=\"brz-wrapper-clone__item\" id=\"knr2dJ0ZhxRH\">\n<div class=\"brz-icon__container\" data-brz-custom-id=\"knr2dJ0ZhxRH\"><a class=\"brz-a\" href=\"https:\/\/www.instagram.com\/pave_industriservice\/\" target=\"_blank\" rel=\"noopener\" data-brz-link-type=\"external\"><span class=\"brz-icon brz-span brz-css-fWIUs brz-css-cBocz\"><\/span><\/a><\/div>\n<\/div>\n<\/div>\n<\/div>\n<div id=\"\" class=\"brz-css-b5R_Z brz-css-vyhpS brz-wrapper\">\n<div class=\"brz-rich-text brz-rich-text__custom brz-css-cNjl0\" data-brz-custom-id=\"m5EkWSJvDPNX\">\n<div data-brz-translate-text=\"1\">\n<p class=\"brz-text-xs-center brz-ft-google brz-ff-epilogue brz-fsft-xs-0 brz-fwdth-xs-100 brz-vfw-xs-400 brz-lh-xs-1_5 brz-ls-xs-0 brz-fw-xs-700 brz-fss-xs-px brz-fs-xs-13 brz-tp-xs-empty brz-fsft-sm-0 brz-fwdth-sm-100 brz-vfw-sm-400 brz-lh-sm-1_5 brz-ls-sm-0 brz-fw-sm-400 brz-fss-sm-px brz-fs-sm-13 brz-tp-sm-empty brz-tp-lg-paragraph brz-css-zcoCT\" data-generated-css=\"brz-css-xwKjK\" data-uniq-id=\"ajU8K\"><span class=\"brz-cp-color8\">\u00a9 2024 PAVE Industriservice AB<\/span><\/p>\n<\/div>\n<\/div>\n<\/div>\n<\/div>\n<\/div>\n<div class=\"brz-columns brz-css-u8uVb brz-css-oUnPI\" data-brz-custom-id=\"rZkjfDRc8CBW\">\n<div class=\"brz-bg\"><\/div>\n<div class=\"brz-column__items brz-css-jDKM6 brz-css-mLJFr\">\n<div id=\"\" class=\"brz-css-b5R_Z brz-wrapper\">\n<div class=\"brz-rich-text brz-rich-text__custom brz-css-cNjl0\" data-brz-custom-id=\"mSZrD5WhypxM\">\n<div data-brz-translate-text=\"1\">\n<h6 class=\"brz-text-xs-center brz-tp-lg-heading6 brz-css-eulCu\" data-uniq-id=\"ptkSR\" data-generated-css=\"brz-css-zsjnW\"><strong class=\"brz-cp-color8\">Our Services<\/strong><\/h6>\n<\/div>\n<\/div>\n<\/div>\n<div id=\"\" class=\"brz-css-b5R_Z brz-css-pLVun brz-css-hwD3L brz-wrapper\">\n<div class=\"brz-spacer brz-css-zErQ5 brz-css-uDBsh\"><\/div>\n<\/div>\n<div id=\"\" class=\"brz-css-b5R_Z brz-css-bNQyk brz-wrapper\">\n<div class=\"brz-rich-text brz-rich-text__custom brz-css-cNjl0\" data-brz-custom-id=\"iYyEALmRCss7\">\n<div data-brz-translate-text=\"1\">\n<p class=\"brz-text-xs-center brz-fsft-lg-0 brz-fwdth-lg-100 brz-vfw-lg-400 brz-lh-lg-1_6 brz-ls-lg-m_0_1 brz-fw-lg-300 brz-fss-lg-px brz-fs-lg-16 brz-ft-google brz-ff-epilogue brz-tp-lg-paragraph brz-css-g1dp8\" data-generated-css=\"brz-css-q_Jzh\" data-uniq-id=\"wsTDa\"><a class=\"brz-cp-color8 link--external\" href=\"https:\/\/paveab.se\/en\/reservdelar\/\" data-brz-link-type=\"external\">Spare parts<\/a><\/p>\n<\/div>\n<\/div>\n<\/div>\n<div id=\"\" class=\"brz-css-b5R_Z brz-css-sriTX brz-wrapper\">\n<div class=\"brz-rich-text brz-rich-text__custom brz-css-cNjl0\" data-brz-custom-id=\"afaJyJaPACp3\">\n<div data-brz-translate-text=\"1\">\n<p class=\"brz-tp-lg-paragraph brz-ff-epilogue brz-ft-google brz-fs-lg-16 brz-fss-lg-px brz-fw-lg-300 brz-ls-lg-m_0_1 brz-lh-lg-1_6 brz-vfw-lg-400 brz-fwdth-lg-100 brz-fsft-lg-0 brz-text-xs-center brz-css-rEXqH\" data-uniq-id=\"t2jlW\" data-generated-css=\"brz-css-jvihC\"><a class=\"brz-cp-color8 link--external\" href=\"https:\/\/paveab.se\/en\/vara-tjanster\/\" data-brz-link-type=\"external\">Preventive maintenance<\/a><\/p>\n<\/div>\n<\/div>\n<\/div>\n<div id=\"\" class=\"brz-css-b5R_Z brz-css-eA3CV brz-wrapper\">\n<div class=\"brz-rich-text brz-rich-text__custom brz-css-cNjl0\" data-brz-custom-id=\"nDcCrk8mmxCl\">\n<div data-brz-translate-text=\"1\">\n<p class=\"brz-tp-lg-paragraph brz-ff-epilogue brz-ft-google brz-fs-lg-16 brz-fss-lg-px brz-fw-lg-300 brz-ls-lg-m_0_1 brz-lh-lg-1_6 brz-vfw-lg-400 brz-fwdth-lg-100 brz-fsft-lg-0 brz-text-xs-center brz-css-ql8Hj\" data-generated-css=\"brz-css-uhaYF\" data-uniq-id=\"xoJJt\"><a class=\"brz-cp-color8 link--external\" href=\"https:\/\/paveab.se\/en\/vara-tjanster\/\" data-brz-link-type=\"external\">Emergency service<\/a><\/p>\n<\/div>\n<\/div>\n<\/div>\n<div id=\"\" class=\"brz-css-b5R_Z brz-css-uiiAx brz-wrapper\">\n<div class=\"brz-rich-text brz-rich-text__custom brz-css-cNjl0\" data-brz-custom-id=\"vUk0T4uOZwWg\">\n<div data-brz-translate-text=\"1\">\n<p class=\"brz-tp-lg-paragraph brz-ff-epilogue brz-ft-google brz-fs-lg-16 brz-fss-lg-px brz-fw-lg-300 brz-ls-lg-m_0_1 brz-lh-lg-1_6 brz-vfw-lg-400 brz-fwdth-lg-100 brz-fsft-lg-0 brz-text-xs-center brz-css-u82rt\" data-uniq-id=\"thWkD\" data-generated-css=\"brz-css-rGayF\"><a class=\"brz-cp-color8 link--external\" href=\"https:\/\/paveab.se\/en\/vara-tjanster\/\" data-brz-link-type=\"external\">Machine move<\/a><\/p>\n<\/div>\n<\/div>\n<\/div>\n<div id=\"\" class=\"brz-css-b5R_Z brz-css-pLVun brz-css-lkc9O brz-wrapper\">\n<div class=\"brz-spacer brz-css-zErQ5 brz-css-jYyKv\"><\/div>\n<\/div>\n<div id=\"\" class=\"brz-css-b5R_Z brz-css-fqdpc brz-wrapper\">\n<div class=\"brz-rich-text brz-rich-text__custom brz-css-cNjl0\" data-brz-custom-id=\"xwGsyRTx0li5\">\n<div data-brz-translate-text=\"1\">\n<p class=\"brz-text-xs-center brz-fsft-lg-0 brz-fwdth-lg-100 brz-vfw-lg-400 brz-lh-lg-1_6 brz-ls-lg-m_0_1 brz-fw-lg-300 brz-fss-lg-px brz-fs-lg-16 brz-ft-google brz-ff-epilogue brz-tp-lg-paragraph brz-css-zIEel\" data-generated-css=\"brz-css-nHo9P\" data-uniq-id=\"scziS\"><a class=\"brz-cp-color8 link--external\" href=\"https:\/\/paveab.se\/en\/kontakta-oss\/\" data-brz-link-type=\"external\">Contact us<\/a><\/p>\n<\/div>\n<\/div>\n<\/div>\n<div id=\"\" class=\"brz-css-b5R_Z brz-css-lWEnJ brz-wrapper\">\n<div class=\"brz-rich-text brz-rich-text__custom brz-css-cNjl0\" data-brz-custom-id=\"jxcfPYWbXOQj\">\n<div data-brz-translate-text=\"1\">\n<p class=\"brz-tp-lg-paragraph brz-ff-epilogue brz-ft-google brz-fs-lg-16 brz-fss-lg-px brz-fw-lg-300 brz-ls-lg-m_0_1 brz-lh-lg-1_6 brz-vfw-lg-400 brz-fwdth-lg-100 brz-fsft-lg-0 brz-text-xs-center brz-css-o5IpC\" data-uniq-id=\"qcLpp\" data-generated-css=\"brz-css-myHJg\"><a class=\"brz-cp-color8 link--external\" href=\"https:\/\/paveab.se\/en\/om-oss\/\" data-brz-link-type=\"external\">About us<\/a><\/p>\n<\/div>\n<\/div>\n<\/div>\n<\/div>\n<\/div>\n<div class=\"brz-columns brz-css-u8uVb brz-css-lE4ij\" data-brz-custom-id=\"jYwQITIrKDrt\">\n<div class=\"brz-bg\"><\/div>\n<div class=\"brz-column__items brz-css-jDKM6 brz-css-wgE7G\">\n<div id=\"\" class=\"brz-css-b5R_Z brz-wrapper\">\n<div class=\"brz-rich-text brz-rich-text__custom brz-css-cNjl0\" data-brz-custom-id=\"z_Xx6ngClEDM\">\n<div data-brz-translate-text=\"1\">\n<h6 class=\"brz-text-xs-center brz-tp-lg-heading6 brz-css-mvOJg\" data-generated-css=\"brz-css-eqQuH\" data-uniq-id=\"nEVC7\"><strong class=\"brz-cp-color8\">Contact us<\/strong><\/h6>\n<\/div>\n<\/div>\n<\/div>\n<div id=\"\" class=\"brz-css-b5R_Z brz-css-pLVun brz-css-hDxbK brz-wrapper\">\n<div class=\"brz-spacer brz-css-zErQ5 brz-css-ytH3n\"><\/div>\n<\/div>\n<div id=\"\" class=\"brz-css-b5R_Z brz-css-f94QY brz-wrapper\">\n<div class=\"brz-icon-text brz-css-wibZJ brz-css-cU22J\" data-brz-custom-id=\"gWIc4rFhuyt1\">\n<div class=\"brz-icon__container\" data-brz-custom-id=\"sKXgxdY1zRmg\"><span class=\"brz-icon brz-span brz-css-fWIUs brz-css-bOV3o\"><\/span><\/div>\n<div class=\"brz-text-btn\">\n<div class=\"brz-rich-text brz-rich-text__custom brz-css-cNjl0\" data-brz-custom-id=\"q01P4ECTPtCn\">\n<div data-brz-translate-text=\"1\">\n<p class=\"brz-tp-lg-paragraph brz-ff-epilogue brz-ft-google brz-fs-lg-16 brz-fss-lg-px brz-fw-lg-300 brz-ls-lg-m_0_1 brz-lh-lg-1_6 brz-vfw-lg-400 brz-fwdth-lg-100 brz-fsft-lg-0 brz-css-vcKUI\" data-uniq-id=\"a213n\" data-generated-css=\"brz-css-fa1kB\"><span class=\"brz-cp-color7\">Fabriksgatan 5, 731 50 K\u00f6ping<\/span><\/p>\n<\/div>\n<\/div>\n<\/div>\n<\/div>\n<\/div>\n<div id=\"\" class=\"brz-css-b5R_Z brz-css-pLVun brz-css-eTiWu brz-wrapper\">\n<div class=\"brz-spacer brz-css-zErQ5 brz-css-vuB51\"><\/div>\n<\/div>\n<div id=\"\" class=\"brz-css-b5R_Z brz-css-kWwCq brz-wrapper\">\n<div class=\"brz-rich-text brz-rich-text__custom brz-css-cNjl0\" data-brz-custom-id=\"n25hE0ARhEUU\">\n<div data-brz-translate-text=\"1\">\n<p class=\"brz-tp-lg-paragraph brz-ff-epilogue brz-ft-google brz-fs-lg-16 brz-fss-lg-px brz-fw-lg-300 brz-ls-lg-m_0_1 brz-lh-lg-1_6 brz-vfw-lg-400 brz-fwdth-lg-100 brz-fsft-lg-0 brz-text-xs-center brz-css-gjoE6\" data-uniq-id=\"iqBiR\" data-generated-css=\"brz-css-zWhJc\"><strong class=\"brz-cp-color7\">Patrik Saarenketo<\/strong><\/p>\n<\/div>\n<\/div>\n<\/div>\n<div id=\"\" class=\"brz-css-b5R_Z brz-css-cBZ1y brz-wrapper\">\n<div class=\"brz-icon-text brz-css-wibZJ brz-css-j6UuP\" data-brz-custom-id=\"rQItSNlUen1N\">\n<div class=\"brz-icon__container\" data-brz-custom-id=\"cLKxoUwPItbn\"><span class=\"brz-icon brz-span brz-css-fWIUs brz-css-gU0Wu\"><\/span><\/div>\n<div class=\"brz-text-btn\">\n<div class=\"brz-rich-text brz-rich-text__custom brz-css-cNjl0\" data-brz-custom-id=\"nJPxK3B9t840\">\n<div data-brz-translate-text=\"1\">\n<p class=\"brz-text-xs-justify brz-fsft-lg-0 brz-fwdth-lg-100 brz-vfw-lg-400 brz-lh-lg-1_6 brz-ls-lg-m_0_1 brz-fw-lg-300 brz-fss-lg-px brz-fs-lg-16 brz-ft-google brz-ff-epilogue brz-tp-lg-paragraph brz-css-bxP4q\" data-generated-css=\"brz-css-qJwEc\" data-uniq-id=\"fRDl5\"><span class=\"brz-cp-color8\">patrik@paveab.se<\/span><\/p>\n<\/div>\n<\/div>\n<\/div>\n<\/div>\n<\/div>\n<div id=\"\" class=\"brz-css-b5R_Z brz-css-lLJJe brz-wrapper\">\n<div class=\"brz-icon-text brz-css-wibZJ brz-css-nANKB\" data-brz-custom-id=\"neEukLx2rVjp\">\n<div class=\"brz-icon__container\" data-brz-custom-id=\"mlk7ZGy3s5AG\"><span class=\"brz-icon brz-span brz-css-fWIUs brz-css-hghYX\"><\/span><\/div>\n<div class=\"brz-text-btn\">\n<div class=\"brz-rich-text brz-rich-text__custom brz-css-cNjl0\" data-brz-custom-id=\"q4G85ubS0p4c\">\n<div data-brz-translate-text=\"1\">\n<p class=\"brz-ls-lg-m_0_1 brz-lh-lg-1_6 brz-vfw-lg-400 brz-fwdth-lg-100 brz-fsft-lg-0 brz-tp-lg-empty brz-ff-epilogue brz-ft-google brz-fs-lg-16 brz-fss-lg-px brz-fw-lg-400 brz-css-pjTuZ\" data-uniq-id=\"v64rZ\" data-generated-css=\"brz-css-wiUOw\"><span class=\"brz-cp-color7\">073-9302995<\/span><\/p>\n<\/div>\n<\/div>\n<\/div>\n<\/div>\n<\/div>\n<div id=\"\" class=\"brz-css-b5R_Z brz-css-wQ3tc brz-wrapper\">\n<div class=\"brz-rich-text brz-rich-text__custom brz-css-cNjl0\" data-brz-custom-id=\"yGm3xLxvU__7\">\n<div data-brz-translate-text=\"1\">\n<p class=\"brz-text-xs-center brz-fsft-lg-0 brz-fwdth-lg-100 brz-vfw-lg-400 brz-lh-lg-1_6 brz-ls-lg-m_0_1 brz-fw-lg-300 brz-fss-lg-px brz-fs-lg-16 brz-ft-google brz-ff-epilogue brz-tp-lg-paragraph brz-css-lWOpt\" data-generated-css=\"brz-css-fjFTp\" data-uniq-id=\"dAnXE\"><strong class=\"brz-cp-color7\">Veronica R\u00f6nnberg<\/strong><\/p>\n<\/div>\n<\/div>\n<\/div>\n<div id=\"\" class=\"brz-css-b5R_Z brz-css-jUK3l brz-wrapper\">\n<div class=\"brz-icon-text brz-css-wibZJ brz-css-glQlo\" data-brz-custom-id=\"rmiyzVVILyr5\">\n<div class=\"brz-icon__container\" data-brz-custom-id=\"iOi8rAzA_G0n\"><span class=\"brz-icon brz-span brz-css-fWIUs brz-css-uLmYH\"><\/span><\/div>\n<div class=\"brz-text-btn\">\n<div class=\"brz-rich-text brz-rich-text__custom brz-css-cNjl0\" data-brz-custom-id=\"uad0n4vnvUW6\">\n<div data-brz-translate-text=\"1\">\n<p class=\"brz-text-xs-justify brz-fsft-lg-0 brz-fwdth-lg-100 brz-vfw-lg-400 brz-lh-lg-1_6 brz-ls-lg-m_0_1 brz-fw-lg-300 brz-fss-lg-px brz-fs-lg-16 brz-ft-google brz-ff-epilogue brz-tp-lg-paragraph brz-css-kGYVb\" data-generated-css=\"brz-css-k6L3T\" data-uniq-id=\"xhLGE\"><span class=\"brz-cp-color8\">info@paveab.se<\/span><\/p>\n<\/div>\n<\/div>\n<\/div>\n<\/div>\n<\/div>\n<div id=\"\" class=\"brz-css-b5R_Z brz-css-jXiqB brz-wrapper\">\n<div class=\"brz-icon-text brz-css-wibZJ brz-css-hom_T\" data-brz-custom-id=\"xa9GgYnif9ZU\">\n<div class=\"brz-icon__container\" data-brz-custom-id=\"bQ465xP47B0y\"><span class=\"brz-icon brz-span brz-css-fWIUs brz-css-uSVp2\"><\/span><\/div>\n<div class=\"brz-text-btn\">\n<div class=\"brz-rich-text brz-rich-text__custom brz-css-cNjl0\" data-brz-custom-id=\"lODqbhdXGWl9\">\n<div data-brz-translate-text=\"1\">\n<p class=\"brz-fsft-lg-0 brz-fwdth-lg-100 brz-vfw-lg-400 brz-lh-lg-1_6 brz-ls-lg-m_0_1 brz-fw-lg-300 brz-fss-lg-px brz-fs-lg-16 brz-ft-google brz-ff-epilogue brz-tp-lg-paragraph brz-css-hwxNh\" data-uniq-id=\"e8Nmy\" data-generated-css=\"brz-css-sM30d\"><span class=\"brz-cp-color7\">076-0437422<\/span><\/p>\n<\/div>\n<\/div>\n<\/div>\n<\/div>\n<\/div>\n<\/div>\n<\/div>\n<\/div>\n<\/div>\n<\/div>\n<\/div>\n<\/section>\n<\/div>\n<p>    <!-- version:1721894808 --><\/p>","protected":false},"excerpt":{"rendered":"<p>Kontakta oss via formul\u00e4ret, telefon eller mail Fyll i formul\u00e4ret s\u00e5 svarar vi genom mail eller telefon s\u00e5 sm\u00e5ningom Namn Telefon Email Meddelande Skicka Ni kan \u00e4ven n\u00e5 oss via telefon och mail Patrik Saarenketo &#8211; \u00d6vriga \u00e4renden patrik@paveab.se 073-9302995 Veronika R\u00f6nnberg &#8211; Ekonomi &amp; Administration info@paveab.se 076-0437422 PAVE Industriservice AB erbjuder professionell industriservice \u00f6ver [&hellip;]<\/p>\n","protected":false},"author":1,"featured_media":0,"parent":0,"menu_order":0,"comment_status":"closed","ping_status":"closed","template":"brizy-blank-template.php","meta":{"footnotes":""},"class_list":["post-24","page","type-page","status-publish","hentry"],"blocksy_meta":[],"brizy_media":[{"id":31,"url":"https:\/\/paveab.se\/wp-content\/uploads\/2024\/07\/PAVE-Industriservice-i-Vastmandland.jpeg","name":"PAVE-Industriservice-i-Vastmandland.jpeg","meta":{"brizy_attachment_uid":"wp-fd806218ddf4325792397dc7d8726eab.jpeg","brizy_post_uid":["3e711b173dc9456e92ce3c9b12d00764","c589de45426c5c70f6e88059e9cc6377"]}}],"_links":{"self":[{"href":"https:\/\/paveab.se\/en\/wp-json\/wp\/v2\/pages\/24","targetHints":{"allow":["GET"]}}],"collection":[{"href":"https:\/\/paveab.se\/en\/wp-json\/wp\/v2\/pages"}],"about":[{"href":"https:\/\/paveab.se\/en\/wp-json\/wp\/v2\/types\/page"}],"author":[{"embeddable":true,"href":"https:\/\/paveab.se\/en\/wp-json\/wp\/v2\/users\/1"}],"replies":[{"embeddable":true,"href":"https:\/\/paveab.se\/en\/wp-json\/wp\/v2\/comments?post=24"}],"version-history":[{"count":16,"href":"https:\/\/paveab.se\/en\/wp-json\/wp\/v2\/pages\/24\/revisions"}],"predecessor-version":[{"id":671,"href":"https:\/\/paveab.se\/en\/wp-json\/wp\/v2\/pages\/24\/revisions\/671"}],"wp:attachment":[{"href":"https:\/\/paveab.se\/en\/wp-json\/wp\/v2\/media?parent=24"}],"curies":[{"name":"wp","href":"https:\/\/api.w.org\/{rel}","templated":true}]}}