{"id":52,"date":"2024-07-10T12:36:33","date_gmt":"2024-07-10T12:36:33","guid":{"rendered":"https:\/\/paveab.se\/?page_id=52"},"modified":"2026-04-07T08:01:48","modified_gmt":"2026-04-07T08:01:48","slug":"reservdelar","status":"publish","type":"page","link":"https:\/\/paveab.se\/en\/reservdelar\/","title":{"rendered":"Spare parts"},"content":{"rendered":"<div class=\"brz-root__container brz-reset-all brz brz-root__container-page\">\n<section id=\"c2d3e105e1d3c9a8183d_hCGmkSmoLdkf\" class=\"brz-section brz-css-1gfxj3y\">\n<div class=\"brz-section__content brz-section--boxed brz-css-1cim2bb brz-css-1g6s4eu\" data-brz-custom-id=\"iVSRNfqu9cFU\">\n<div class=\"brz-bg\">\n<div class=\"brz-bg-image\"><\/div>\n<div class=\"brz-bg-color\"><\/div>\n<div class=\"brz-bg-shape brz-bg-shape__top\"><\/div>\n<\/div>\n<div class=\"brz-container brz-css-1v6lmww brz-css-3di4nr\">\n<div class=\"brz-row__container brz-css-11ccyt4\" data-brz-custom-id=\"umFypLXvxBAY\">\n<div class=\"brz-bg\"><\/div>\n<div class=\"brz-row brz-css-crxt5z\">\n<div class=\"brz-columns brz-css-1fu35eh brz-css-153vi27\" data-brz-custom-id=\"pWuOIiiE6rMH\">\n<div class=\"brz-bg\"><\/div>\n<div class=\"brz-column__items brz-css-1a0vzro\">\n<div id=\"\" class=\"brz-css-6c3bco brz-wrapper\">\n<div class=\"brz-rich-text brz-rich-text__custom brz-css-1f77tf3\" data-brz-custom-id=\"v4fCExG9ryHd\">\n<div data-brz-translate-text=\"1\">\n<h2 class=\"brz-tp-lg-heading2 brz-text-xs-center brz-css-alJrk\" data-generated-css=\"brz-css-qL_rO\" data-uniq-id=\"enrUw\"><span class=\"brz-cp-color8\">Spare parts<\/span><\/h2>\n<\/div>\n<\/div>\n<\/div>\n<div id=\"\" class=\"brz-css-6c3bco brz-css-kmcdn5 brz-wrapper\">\n<div class=\"brz-line brz-line-default brz-css-1puu4fo brz-css-1baiwm9\" data-brz-custom-id=\"jFWOkJeM6Spv\">\n<hr class=\"brz-hr\"><\/div>\n<\/div>\n<\/div>\n<\/div>\n<div class=\"brz-columns brz-css-1fu35eh brz-css-1j7vqo5\" data-brz-custom-id=\"vqsO5Y6X9L72\">\n<div class=\"brz-bg\"><\/div>\n<div class=\"brz-column__items brz-css-1a0vzro brz-css-11h5k8t\">\n<div id=\"\" class=\"brz-css-6c3bco brz-css-1xvg26x brz-wrapper\">\n<div class=\"brz-line brz-line-default brz-css-1puu4fo brz-css-1wzucf7\" data-brz-custom-id=\"q0YL4FnLI52X\">\n<hr class=\"brz-hr\"><\/div>\n<\/div>\n<div id=\"\" class=\"brz-css-6c3bco brz-css-1ow9r6r brz-wrapper\">\n<div class=\"brz-rich-text brz-rich-text__custom brz-css-1f77tf3\" data-brz-custom-id=\"tlEpLXnRkSWY\">\n<div data-brz-translate-text=\"1\">\n<p class=\"brz-text-lg-right brz-bcp-color8 brz-tp-lg-heading4 brz-mt-lg-5 brz-text-xs-center brz-css-yfmNA\" data-generated-css=\"brz-css-dBx_l\" data-uniq-id=\"diKB8\"><span class=\"brz-cp-color8\">Hittar du inte vad du s\u00f6ker? &#8211; Kontakta oss s\u00e5 hj\u00e4lper vi dig! <\/span><\/p>\n<\/div>\n<\/div>\n<\/div>\n<\/div>\n<\/div>\n<\/div>\n<\/div>\n<div id=\"\" class=\"brz-css-6c3bco brz-css-1phjhbj brz-wrapper\">\n<div class=\"brz-posts brz-css-1c33ob8 brz-css-1gq2nt\" data-brz-custom-id=\"uMweIfhddRY2\">\n<div class=\"brz-posts__wrapper\">\n<div class=\"brz-posts__item\">\n<div class=\"brz-columns brz-css-1fu35eh brz-css-1d5z1z1\" data-brz-custom-id=\"aRhgCv13d2ws\">\n<div class=\"brz-bg\"><\/div>\n<div class=\"brz-column__items brz-css-1a0vzro\">\n<div id=\"\" class=\"brz-css-6c3bco brz-wrapper\">\n<div class=\"brz-image brz-css-xran28 brz-css-3cs2ko\" data-brz-custom-id=\"lRd8uQZiiK0q\"><img decoding=\"async\" class=\"brz-img\" src=\"https:\/\/paveab.se\/wp-content\/uploads\/brizy\/imgs\/Lasbricka-170x170x0x21x170x128x1720620476.jpg\" alt=\"\" loading=\"lazy\"><\/div>\n<\/div>\n<div id=\"\" class=\"brz-css-6c3bco brz-wrapper\">\n<div class=\"brz-wp-title brz-css-wrykq6 brz-css-ana0rk brz-css-17j1cep\" data-brz-custom-id=\"laezJg3784vB\">\n<h4 class=\"brz-wp-title-content\">Lock washers<\/h4>\n<\/div>\n<\/div>\n<div class=\"brz-wrapper-clone brz-css-16ds9jq\">\n<div class=\"brz-d-xs-flex brz-flex-xs-wrap brz-css-1xp353d\" data-brz-custom-id=\"\">\n<div class=\"brz-wrapper-clone__item\" id=\"scVgiB0mEoyU\"><a class=\"brz-a brz-btn brz-css-zi7x3e brz-css-1wqswhk brz-css-1q1qta6 brz-css-x0jrg7 brz-css-166ggkp\" href=\"https:\/\/paveab.se\/en\/lasbricka\/\" target=\"_self\" rel=\"noopener\" data-brz-link-type=\"external\" data-brz-custom-id=\"scVgiB0mEoyU\"><span data-brz-translate-text=\"1\" class=\"brz-span brz-text__editor\">L\u00e4s mer<\/span><\/a><\/div>\n<\/div>\n<\/div>\n<\/div>\n<\/div>\n<\/div>\n<div class=\"brz-posts__item\">\n<div class=\"brz-columns brz-css-1fu35eh brz-css-1d5z1z1\" data-brz-custom-id=\"aRhgCv13d2ws\">\n<div class=\"brz-bg\"><\/div>\n<div class=\"brz-column__items brz-css-1a0vzro\">\n<div id=\"\" class=\"brz-css-6c3bco brz-wrapper\">\n<div class=\"brz-image brz-css-xran28 brz-css-3cs2ko\" data-brz-custom-id=\"lRd8uQZiiK0q\"><img decoding=\"async\" class=\"brz-img\" src=\"https:\/\/paveab.se\/wp-content\/uploads\/brizy\/imgs\/Glid-o-ring-1-170x170x0x21x170x128x1721977180.webp\" alt=\"\" loading=\"lazy\"><\/div>\n<\/div>\n<div id=\"\" class=\"brz-css-6c3bco brz-wrapper\">\n<div class=\"brz-wp-title brz-css-wrykq6 brz-css-ana0rk brz-css-17j1cep\" data-brz-custom-id=\"laezJg3784vB\">\n<h4 class=\"brz-wp-title-content\">Gliding-O-ring<\/h4>\n<\/div>\n<\/div>\n<div class=\"brz-wrapper-clone brz-css-16ds9jq\">\n<div class=\"brz-d-xs-flex brz-flex-xs-wrap brz-css-1xp353d\" data-brz-custom-id=\"\">\n<div class=\"brz-wrapper-clone__item\" id=\"scVgiB0mEoyU\"><a class=\"brz-a brz-btn brz-css-zi7x3e brz-css-1wqswhk brz-css-1q1qta6 brz-css-x0jrg7 brz-css-166ggkp\" href=\"https:\/\/paveab.se\/en\/glid-o-ring\/\" target=\"_self\" rel=\"noopener\" data-brz-link-type=\"external\" data-brz-custom-id=\"scVgiB0mEoyU\"><span data-brz-translate-text=\"1\" class=\"brz-span brz-text__editor\">L\u00e4s mer<\/span><\/a><\/div>\n<\/div>\n<\/div>\n<\/div>\n<\/div>\n<\/div>\n<div class=\"brz-posts__item\">\n<div class=\"brz-columns brz-css-1fu35eh brz-css-1d5z1z1\" data-brz-custom-id=\"aRhgCv13d2ws\">\n<div class=\"brz-bg\"><\/div>\n<div class=\"brz-column__items brz-css-1a0vzro\">\n<div id=\"\" class=\"brz-css-6c3bco brz-wrapper\">\n<div class=\"brz-image brz-css-xran28 brz-css-3cs2ko\" data-brz-custom-id=\"lRd8uQZiiK0q\"><img decoding=\"async\" class=\"brz-img\" src=\"https:\/\/paveab.se\/wp-content\/uploads\/brizy\/imgs\/Tatringar-170x170x0x21x170x128x1721977184.webp\" alt=\"\" loading=\"lazy\"><\/div>\n<\/div>\n<div id=\"\" class=\"brz-css-6c3bco brz-wrapper\">\n<div class=\"brz-wp-title brz-css-wrykq6 brz-css-ana0rk brz-css-17j1cep\" data-brz-custom-id=\"laezJg3784vB\">\n<h4 class=\"brz-wp-title-content\">Sealing rings<\/h4>\n<\/div>\n<\/div>\n<div class=\"brz-wrapper-clone brz-css-16ds9jq\">\n<div class=\"brz-d-xs-flex brz-flex-xs-wrap brz-css-1xp353d\" data-brz-custom-id=\"\">\n<div class=\"brz-wrapper-clone__item\" id=\"scVgiB0mEoyU\"><a class=\"brz-a brz-btn brz-css-zi7x3e brz-css-1wqswhk brz-css-1q1qta6 brz-css-x0jrg7 brz-css-166ggkp\" href=\"https:\/\/paveab.se\/en\/tatring\/\" target=\"_self\" rel=\"noopener\" data-brz-link-type=\"external\" data-brz-custom-id=\"scVgiB0mEoyU\"><span data-brz-translate-text=\"1\" class=\"brz-span brz-text__editor\">L\u00e4s mer<\/span><\/a><\/div>\n<\/div>\n<\/div>\n<\/div>\n<\/div>\n<\/div>\n<div class=\"brz-posts__item\">\n<div class=\"brz-columns brz-css-1fu35eh brz-css-1d5z1z1\" data-brz-custom-id=\"aRhgCv13d2ws\">\n<div class=\"brz-bg\"><\/div>\n<div class=\"brz-column__items brz-css-1a0vzro\">\n<div id=\"\" class=\"brz-css-6c3bco brz-wrapper\">\n<div class=\"brz-image brz-css-xran28 brz-css-3cs2ko\" data-brz-custom-id=\"lRd8uQZiiK0q\"><img decoding=\"async\" class=\"brz-img\" src=\"https:\/\/paveab.se\/wp-content\/uploads\/brizy\/imgs\/Avstrykare-170x166x0x19x170x128x1721977178.webp\" alt=\"\" loading=\"lazy\"><\/div>\n<\/div>\n<div id=\"\" class=\"brz-css-6c3bco brz-wrapper\">\n<div class=\"brz-wp-title brz-css-wrykq6 brz-css-ana0rk brz-css-17j1cep\" data-brz-custom-id=\"laezJg3784vB\">\n<h4 class=\"brz-wp-title-content\">Squeegee<\/h4>\n<\/div>\n<\/div>\n<div class=\"brz-wrapper-clone brz-css-16ds9jq\">\n<div class=\"brz-d-xs-flex brz-flex-xs-wrap brz-css-1xp353d\" data-brz-custom-id=\"\">\n<div class=\"brz-wrapper-clone__item\" id=\"scVgiB0mEoyU\"><a class=\"brz-a brz-btn brz-css-zi7x3e brz-css-1wqswhk brz-css-1q1qta6 brz-css-x0jrg7 brz-css-166ggkp\" href=\"https:\/\/paveab.se\/en\/avstrykare\/\" target=\"_self\" rel=\"noopener\" data-brz-link-type=\"external\" data-brz-custom-id=\"scVgiB0mEoyU\"><span data-brz-translate-text=\"1\" class=\"brz-span brz-text__editor\">L\u00e4s mer<\/span><\/a><\/div>\n<\/div>\n<\/div>\n<\/div>\n<\/div>\n<\/div>\n<div class=\"brz-posts__item\">\n<div class=\"brz-columns brz-css-1fu35eh brz-css-1d5z1z1\" data-brz-custom-id=\"aRhgCv13d2ws\">\n<div class=\"brz-bg\"><\/div>\n<div class=\"brz-column__items brz-css-1a0vzro\">\n<div id=\"\" class=\"brz-css-6c3bco brz-wrapper\">\n<div class=\"brz-image brz-css-xran28 brz-css-3cs2ko\" data-brz-custom-id=\"lRd8uQZiiK0q\"><img decoding=\"async\" class=\"brz-img\" src=\"https:\/\/paveab.se\/wp-content\/uploads\/brizy\/imgs\/Axelmutter-170x170x0x21x170x128x1721977180.webp\" alt=\"\" loading=\"lazy\"><\/div>\n<\/div>\n<div id=\"\" class=\"brz-css-6c3bco brz-wrapper\">\n<div class=\"brz-wp-title brz-css-wrykq6 brz-css-ana0rk brz-css-17j1cep\" data-brz-custom-id=\"laezJg3784vB\">\n<h4 class=\"brz-wp-title-content\">Axle nut<\/h4>\n<\/div>\n<\/div>\n<div class=\"brz-wrapper-clone brz-css-16ds9jq\">\n<div class=\"brz-d-xs-flex brz-flex-xs-wrap brz-css-1xp353d\" data-brz-custom-id=\"\">\n<div class=\"brz-wrapper-clone__item\" id=\"scVgiB0mEoyU\"><a class=\"brz-a brz-btn brz-css-zi7x3e brz-css-1wqswhk brz-css-1q1qta6 brz-css-x0jrg7 brz-css-166ggkp\" href=\"https:\/\/paveab.se\/en\/axelmutter\/\" target=\"_self\" rel=\"noopener\" data-brz-link-type=\"external\" data-brz-custom-id=\"scVgiB0mEoyU\"><span data-brz-translate-text=\"1\" class=\"brz-span brz-text__editor\">L\u00e4s mer<\/span><\/a><\/div>\n<\/div>\n<\/div>\n<\/div>\n<\/div>\n<\/div>\n<div class=\"brz-posts__item\">\n<div class=\"brz-columns brz-css-1fu35eh brz-css-1d5z1z1\" data-brz-custom-id=\"aRhgCv13d2ws\">\n<div class=\"brz-bg\"><\/div>\n<div class=\"brz-column__items brz-css-1a0vzro\">\n<div id=\"\" class=\"brz-css-6c3bco brz-wrapper\">\n<div class=\"brz-image brz-css-xran28 brz-css-3cs2ko\" data-brz-custom-id=\"lRd8uQZiiK0q\"><img decoding=\"async\" class=\"brz-img\" src=\"https:\/\/paveab.se\/wp-content\/uploads\/brizy\/imgs\/lager-170x170x0x21x170x128x1721977180.webp\" alt=\"\" loading=\"lazy\"><\/div>\n<\/div>\n<div id=\"\" class=\"brz-css-6c3bco brz-wrapper\">\n<div class=\"brz-wp-title brz-css-wrykq6 brz-css-ana0rk brz-css-17j1cep\" data-brz-custom-id=\"laezJg3784vB\">\n<h4 class=\"brz-wp-title-content\">Bearing<\/h4>\n<\/div>\n<\/div>\n<div class=\"brz-wrapper-clone brz-css-16ds9jq\">\n<div class=\"brz-d-xs-flex brz-flex-xs-wrap brz-css-1xp353d\" data-brz-custom-id=\"\">\n<div class=\"brz-wrapper-clone__item\" id=\"scVgiB0mEoyU\"><a class=\"brz-a brz-btn brz-css-zi7x3e brz-css-1wqswhk brz-css-1q1qta6 brz-css-x0jrg7 brz-css-166ggkp\" href=\"https:\/\/paveab.se\/en\/lager\/\" target=\"_self\" rel=\"noopener\" data-brz-link-type=\"external\" data-brz-custom-id=\"scVgiB0mEoyU\"><span data-brz-translate-text=\"1\" class=\"brz-span brz-text__editor\">L\u00e4s mer<\/span><\/a><\/div>\n<\/div>\n<\/div>\n<\/div>\n<\/div>\n<\/div>\n<div class=\"brz-posts__item\">\n<div class=\"brz-columns brz-css-1fu35eh brz-css-1d5z1z1\" data-brz-custom-id=\"aRhgCv13d2ws\">\n<div class=\"brz-bg\"><\/div>\n<div class=\"brz-column__items brz-css-1a0vzro\">\n<div id=\"\" class=\"brz-css-6c3bco brz-wrapper\">\n<div class=\"brz-image brz-css-xran28 brz-css-3cs2ko\" data-brz-custom-id=\"lRd8uQZiiK0q\"><img decoding=\"async\" class=\"brz-img\" src=\"https:\/\/paveab.se\/wp-content\/uploads\/brizy\/imgs\/Lasmutter-170x170x0x21x170x128x1721977181.webp\" alt=\"\" loading=\"lazy\"><\/div>\n<\/div>\n<div id=\"\" class=\"brz-css-6c3bco brz-wrapper\">\n<div class=\"brz-wp-title brz-css-wrykq6 brz-css-ana0rk brz-css-17j1cep\" data-brz-custom-id=\"laezJg3784vB\">\n<h4 class=\"brz-wp-title-content\">Locknut<\/h4>\n<\/div>\n<\/div>\n<div class=\"brz-wrapper-clone brz-css-16ds9jq\">\n<div class=\"brz-d-xs-flex brz-flex-xs-wrap brz-css-1xp353d\" data-brz-custom-id=\"\">\n<div class=\"brz-wrapper-clone__item\" id=\"scVgiB0mEoyU\"><a class=\"brz-a brz-btn brz-css-zi7x3e brz-css-1wqswhk brz-css-1q1qta6 brz-css-x0jrg7 brz-css-166ggkp\" href=\"https:\/\/paveab.se\/en\/lasmutter\/\" target=\"_self\" rel=\"noopener\" data-brz-link-type=\"external\" data-brz-custom-id=\"scVgiB0mEoyU\"><span data-brz-translate-text=\"1\" class=\"brz-span brz-text__editor\">L\u00e4s mer<\/span><\/a><\/div>\n<\/div>\n<\/div>\n<\/div>\n<\/div>\n<\/div>\n<div class=\"brz-posts__item\">\n<div class=\"brz-columns brz-css-1fu35eh brz-css-1d5z1z1\" data-brz-custom-id=\"aRhgCv13d2ws\">\n<div class=\"brz-bg\"><\/div>\n<div class=\"brz-column__items brz-css-1a0vzro\">\n<div id=\"\" class=\"brz-css-6c3bco brz-wrapper\">\n<div class=\"brz-image brz-css-xran28 brz-css-3cs2ko\" data-brz-custom-id=\"lRd8uQZiiK0q\"><img decoding=\"async\" class=\"brz-img\" src=\"https:\/\/paveab.se\/wp-content\/uploads\/brizy\/imgs\/Lasringar-170x170x0x21x170x128x1721977182.webp\" alt=\"\" loading=\"lazy\"><\/div>\n<\/div>\n<div id=\"\" class=\"brz-css-6c3bco brz-wrapper\">\n<div class=\"brz-wp-title brz-css-wrykq6 brz-css-ana0rk brz-css-17j1cep\" data-brz-custom-id=\"laezJg3784vB\">\n<h4 class=\"brz-wp-title-content\">Lock ring<\/h4>\n<\/div>\n<\/div>\n<div class=\"brz-wrapper-clone brz-css-16ds9jq\">\n<div class=\"brz-d-xs-flex brz-flex-xs-wrap brz-css-1xp353d\" data-brz-custom-id=\"\">\n<div class=\"brz-wrapper-clone__item\" id=\"scVgiB0mEoyU\"><a class=\"brz-a brz-btn brz-css-zi7x3e brz-css-1wqswhk brz-css-1q1qta6 brz-css-x0jrg7 brz-css-166ggkp\" href=\"https:\/\/paveab.se\/en\/lasring\/\" target=\"_self\" rel=\"noopener\" data-brz-link-type=\"external\" data-brz-custom-id=\"scVgiB0mEoyU\"><span data-brz-translate-text=\"1\" class=\"brz-span brz-text__editor\">L\u00e4s mer<\/span><\/a><\/div>\n<\/div>\n<\/div>\n<\/div>\n<\/div>\n<\/div>\n<div class=\"brz-posts__item\">\n<div class=\"brz-columns brz-css-1fu35eh brz-css-1d5z1z1\" data-brz-custom-id=\"aRhgCv13d2ws\">\n<div class=\"brz-bg\"><\/div>\n<div class=\"brz-column__items brz-css-1a0vzro\">\n<div id=\"\" class=\"brz-css-6c3bco brz-wrapper\">\n<div class=\"brz-image brz-css-xran28 brz-css-3cs2ko\" data-brz-custom-id=\"lRd8uQZiiK0q\"><img decoding=\"async\" class=\"brz-img\" src=\"https:\/\/paveab.se\/wp-content\/uploads\/brizy\/imgs\/O-ringar-170x170x0x21x170x128x1721977182.webp\" alt=\"\" loading=\"lazy\"><\/div>\n<\/div>\n<div id=\"\" class=\"brz-css-6c3bco brz-wrapper\">\n<div class=\"brz-wp-title brz-css-wrykq6 brz-css-ana0rk brz-css-17j1cep\" data-brz-custom-id=\"laezJg3784vB\">\n<h4 class=\"brz-wp-title-content\">O-ring<\/h4>\n<\/div>\n<\/div>\n<div class=\"brz-wrapper-clone brz-css-16ds9jq\">\n<div class=\"brz-d-xs-flex brz-flex-xs-wrap brz-css-1xp353d\" data-brz-custom-id=\"\">\n<div class=\"brz-wrapper-clone__item\" id=\"scVgiB0mEoyU\"><a class=\"brz-a brz-btn brz-css-zi7x3e brz-css-1wqswhk brz-css-1q1qta6 brz-css-x0jrg7 brz-css-166ggkp\" href=\"https:\/\/paveab.se\/en\/o-ring\/\" target=\"_self\" rel=\"noopener\" data-brz-link-type=\"external\" data-brz-custom-id=\"scVgiB0mEoyU\"><span data-brz-translate-text=\"1\" class=\"brz-span brz-text__editor\">L\u00e4s mer<\/span><\/a><\/div>\n<\/div>\n<\/div>\n<\/div>\n<\/div>\n<\/div>\n<div class=\"brz-posts__item\">\n<div class=\"brz-columns brz-css-1fu35eh brz-css-1d5z1z1\" data-brz-custom-id=\"aRhgCv13d2ws\">\n<div class=\"brz-bg\"><\/div>\n<div class=\"brz-column__items brz-css-1a0vzro\">\n<div id=\"\" class=\"brz-css-6c3bco brz-wrapper\">\n<div class=\"brz-image brz-css-xran28 brz-css-3cs2ko\" data-brz-custom-id=\"lRd8uQZiiK0q\"><img decoding=\"async\" class=\"brz-img\" src=\"https:\/\/paveab.se\/wp-content\/uploads\/brizy\/imgs\/Remmar-170x170x0x21x170x128x1721978535.webp\" alt=\"\" loading=\"lazy\"><\/div>\n<\/div>\n<div id=\"\" class=\"brz-css-6c3bco brz-wrapper\">\n<div class=\"brz-wp-title brz-css-wrykq6 brz-css-ana0rk brz-css-17j1cep\" data-brz-custom-id=\"laezJg3784vB\">\n<h4 class=\"brz-wp-title-content\">Straps<\/h4>\n<\/div>\n<\/div>\n<div class=\"brz-wrapper-clone brz-css-16ds9jq\">\n<div class=\"brz-d-xs-flex brz-flex-xs-wrap brz-css-1xp353d\" data-brz-custom-id=\"\">\n<div class=\"brz-wrapper-clone__item\" id=\"scVgiB0mEoyU\"><a class=\"brz-a brz-btn brz-css-zi7x3e brz-css-1wqswhk brz-css-1q1qta6 brz-css-x0jrg7 brz-css-166ggkp\" href=\"https:\/\/paveab.se\/en\/remmar\/\" target=\"_self\" rel=\"noopener\" data-brz-link-type=\"external\" data-brz-custom-id=\"scVgiB0mEoyU\"><span data-brz-translate-text=\"1\" class=\"brz-span brz-text__editor\">L\u00e4s mer<\/span><\/a><\/div>\n<\/div>\n<\/div>\n<\/div>\n<\/div>\n<\/div>\n<div class=\"brz-posts__item\">\n<div class=\"brz-columns brz-css-1fu35eh brz-css-1d5z1z1\" data-brz-custom-id=\"aRhgCv13d2ws\">\n<div class=\"brz-bg\"><\/div>\n<div class=\"brz-column__items brz-css-1a0vzro\">\n<div id=\"\" class=\"brz-css-6c3bco brz-wrapper\">\n<div class=\"brz-image brz-css-xran28 brz-css-3cs2ko\" data-brz-custom-id=\"lRd8uQZiiK0q\"><img decoding=\"async\" class=\"brz-img\" src=\"https:\/\/paveab.se\/wp-content\/uploads\/brizy\/imgs\/Tallriksfjader-170x170x0x21x170x128x1721978546.webp\" alt=\"\" loading=\"lazy\"><\/div>\n<\/div>\n<div id=\"\" class=\"brz-css-6c3bco brz-wrapper\">\n<div class=\"brz-wp-title brz-css-wrykq6 brz-css-ana0rk brz-css-17j1cep\" data-brz-custom-id=\"laezJg3784vB\">\n<h4 class=\"brz-wp-title-content\">Plate spring<\/h4>\n<\/div>\n<\/div>\n<div class=\"brz-wrapper-clone brz-css-16ds9jq\">\n<div class=\"brz-d-xs-flex brz-flex-xs-wrap brz-css-1xp353d\" data-brz-custom-id=\"\">\n<div class=\"brz-wrapper-clone__item\" id=\"scVgiB0mEoyU\"><a class=\"brz-a brz-btn brz-css-zi7x3e brz-css-1wqswhk brz-css-1q1qta6 brz-css-x0jrg7 brz-css-166ggkp\" href=\"https:\/\/paveab.se\/en\/tallriksfjader\/\" target=\"_self\" rel=\"noopener\" data-brz-link-type=\"external\" data-brz-custom-id=\"scVgiB0mEoyU\"><span data-brz-translate-text=\"1\" class=\"brz-span brz-text__editor\">L\u00e4s mer<\/span><\/a><\/div>\n<\/div>\n<\/div>\n<\/div>\n<\/div>\n<\/div>\n<div class=\"brz-posts__item\">\n<div class=\"brz-columns brz-css-1fu35eh brz-css-1d5z1z1\" data-brz-custom-id=\"aRhgCv13d2ws\">\n<div class=\"brz-bg\"><\/div>\n<div class=\"brz-column__items brz-css-1a0vzro\">\n<div id=\"\" class=\"brz-css-6c3bco brz-wrapper\">\n<div class=\"brz-image brz-css-xran28 brz-css-3cs2ko\" data-brz-custom-id=\"lRd8uQZiiK0q\"><img decoding=\"async\" class=\"brz-img\" src=\"https:\/\/paveab.se\/wp-content\/uploads\/brizy\/imgs\/U-Manschett-170x170x0x21x170x128x1721977184.webp\" alt=\"\" loading=\"lazy\"><\/div>\n<\/div>\n<div id=\"\" class=\"brz-css-6c3bco brz-wrapper\">\n<div class=\"brz-wp-title brz-css-wrykq6 brz-css-ana0rk brz-css-17j1cep\" data-brz-custom-id=\"laezJg3784vB\">\n<h4 class=\"brz-wp-title-content\">U-Manchette<\/h4>\n<\/div>\n<\/div>\n<div class=\"brz-wrapper-clone brz-css-16ds9jq\">\n<div class=\"brz-d-xs-flex brz-flex-xs-wrap brz-css-1xp353d\" data-brz-custom-id=\"\">\n<div class=\"brz-wrapper-clone__item\" id=\"scVgiB0mEoyU\"><a class=\"brz-a brz-btn brz-css-zi7x3e brz-css-1wqswhk brz-css-1q1qta6 brz-css-x0jrg7 brz-css-166ggkp\" href=\"https:\/\/paveab.se\/en\/u-manchett\/\" target=\"_self\" rel=\"noopener\" data-brz-link-type=\"external\" data-brz-custom-id=\"scVgiB0mEoyU\"><span data-brz-translate-text=\"1\" class=\"brz-span brz-text__editor\">L\u00e4s mer<\/span><\/a><\/div>\n<\/div>\n<\/div>\n<\/div>\n<\/div>\n<\/div>\n<\/div>\n<\/div>\n<\/div>\n<\/div>\n<\/div>\n<\/section>\n<section id=\"84118938c97747322f7e_bFIZHJNDv7WS\" class=\"brz-section brz-css-1gfxj3y\">\n<div class=\"brz-section__content brz-section--boxed brz-css-1cim2bb brz-css-13is7bz\" data-brz-custom-id=\"eYPeo8e5VtxW\">\n<div class=\"brz-bg\">\n<div class=\"brz-bg-color\"><\/div>\n<\/div>\n<div class=\"brz-container brz-css-1v6lmww\">\n<div class=\"brz-row__container brz-css-11ccyt4\" data-brz-custom-id=\"tM_uUjC8klq1\">\n<div class=\"brz-bg\"><\/div>\n<div class=\"brz-row brz-css-crxt5z\">\n<div class=\"brz-columns brz-css-1fu35eh brz-css-1qnoc3e\" data-brz-custom-id=\"shFeb34SDA0e\">\n<div class=\"brz-bg\"><\/div>\n<div class=\"brz-column__items brz-css-1a0vzro\">\n<div id=\"\" class=\"brz-css-6c3bco brz-css-15i2548 brz-wrapper\">\n<div class=\"brz-line brz-line-default brz-css-1puu4fo brz-css-6fnda0\" data-brz-custom-id=\"duuBo_lti1G1\">\n<hr class=\"brz-hr\"><\/div>\n<\/div>\n<div id=\"\" class=\"brz-css-6c3bco brz-css-1qr35vq brz-wrapper\">\n<div class=\"brz-rich-text brz-rich-text__custom brz-css-1f77tf3\" data-brz-custom-id=\"vH8P326diSMH\">\n<div data-brz-translate-text=\"1\">\n<h3 data-uniq-id=\"vjDeI\" data-generated-css=\"brz-css-q1RQT\" class=\"brz-text-xs-center brz-mt-lg-5 brz-bcp-color8 brz-text-lg-left brz-tp-lg-heading3 brz-css-ficGQ\"><span class=\"brz-cp-color8\">Hittar du inte vad du s\u00f6ker?<\/span><\/h3>\n<h3 data-uniq-id=\"vjDeI\" data-generated-css=\"brz-css-q1RQT\" class=\"brz-text-xs-center brz-mt-lg-5 brz-bcp-color8 brz-text-lg-left brz-tp-lg-heading3 brz-css-pumvr\"><span class=\"brz-cp-color8\">Kontakta oss s\u00e5 hj\u00e4lper vi dig! <\/span><\/h3>\n<\/div>\n<\/div>\n<\/div>\n<\/div>\n<\/div>\n<div class=\"brz-columns brz-css-1fu35eh brz-css-z1hv72\" data-brz-custom-id=\"uwFYFgL9eg0p\">\n<div class=\"brz-bg\"><\/div>\n<div class=\"brz-column__items brz-css-1a0vzro brz-css-1pptjgk\">\n<div class=\"brz-wrapper-clone brz-css-16ds9jq\">\n<div class=\"brz-d-xs-flex brz-flex-xs-wrap brz-css-1xp353d brz-css-4t9s4s\" data-brz-custom-id=\"\">\n<div class=\"brz-wrapper-clone__item\" id=\"xXjhq4hWtGui\"><a class=\"brz-a brz-btn brz-css-zi7x3e brz-css-1o8jyxd brz-css-1q1qta6 brz-css-x0jrg7 brz-css-15dod6y\" href=\"https:\/\/paveab.se\/en\/kontakta-oss\/\" target=\"_self\" rel=\"noopener\" data-brz-link-type=\"page\" data-brz-custom-id=\"xXjhq4hWtGui\"><span data-brz-translate-text=\"1\" class=\"brz-span brz-text__editor\">Contact us<\/span><\/a><\/div>\n<\/div>\n<\/div>\n<\/div>\n<\/div>\n<\/div>\n<\/div>\n<\/div>\n<\/div>\n<\/section>\n<\/div>\n<p>    <!-- version:1743575121 --><\/p>","protected":false},"excerpt":{"rendered":"<p>Reservdelar Hittar du inte vad du s\u00f6ker? &#8211; Kontakta oss s\u00e5 hj\u00e4lper vi dig! L\u00e5sbrickor L\u00e4s mer Glid-O-ring L\u00e4s mer T\u00e4tningsringar L\u00e4s mer Avstrykare L\u00e4s mer Axelmutter L\u00e4s mer Lager L\u00e4s mer L\u00e5smutter L\u00e4s mer L\u00e5sring L\u00e4s mer O-ring L\u00e4s mer Remmar L\u00e4s mer Tallriksfj\u00e4der L\u00e4s mer U-Manchett L\u00e4s mer Hittar du inte vad du [&hellip;]<\/p>\n","protected":false},"author":1,"featured_media":0,"parent":0,"menu_order":0,"comment_status":"closed","ping_status":"closed","template":"brizy-blank-template.php","meta":{"footnotes":""},"class_list":["post-52","page","type-page","status-publish","hentry"],"blocksy_meta":[],"brizy_media":[{"id":16,"url":"https:\/\/paveab.se\/wp-content\/uploads\/2024\/07\/wp-1c7272984c959b5c92396ec1f128dc59.png","name":"wp-1c7272984c959b5c92396ec1f128dc59.png","meta":{"brizy_attachment_uid":"wp-1c7272984c959b5c92396ec1f128dc59.png","brizy_post_uid":["c012f7109fccd9b593a36fa9a1fea239","9fbc7584158be97b6ed471560789a8a0","6f2b132a198cbe69841629a42a66a3e3"]}},{"id":17,"url":"https:\/\/paveab.se\/wp-content\/uploads\/2024\/07\/wp-69aa1dd67e6557083f09417528654995.jpg","name":"wp-69aa1dd67e6557083f09417528654995.jpg","meta":{"brizy_attachment_uid":"wp-69aa1dd67e6557083f09417528654995.jpg","brizy_post_uid":["c012f7109fccd9b593a36fa9a1fea239"]}}],"_links":{"self":[{"href":"https:\/\/paveab.se\/en\/wp-json\/wp\/v2\/pages\/52","targetHints":{"allow":["GET"]}}],"collection":[{"href":"https:\/\/paveab.se\/en\/wp-json\/wp\/v2\/pages"}],"about":[{"href":"https:\/\/paveab.se\/en\/wp-json\/wp\/v2\/types\/page"}],"author":[{"embeddable":true,"href":"https:\/\/paveab.se\/en\/wp-json\/wp\/v2\/users\/1"}],"replies":[{"embeddable":true,"href":"https:\/\/paveab.se\/en\/wp-json\/wp\/v2\/comments?post=52"}],"version-history":[{"count":30,"href":"https:\/\/paveab.se\/en\/wp-json\/wp\/v2\/pages\/52\/revisions"}],"predecessor-version":[{"id":980,"href":"https:\/\/paveab.se\/en\/wp-json\/wp\/v2\/pages\/52\/revisions\/980"}],"wp:attachment":[{"href":"https:\/\/paveab.se\/en\/wp-json\/wp\/v2\/media?parent=52"}],"curies":[{"name":"wp","href":"https:\/\/api.w.org\/{rel}","templated":true}]}}